{"id":367,"date":"2019-12-18T12:07:24","date_gmt":"2019-12-18T11:07:24","guid":{"rendered":"https:\/\/www.vintage-classics.de\/cms\/?page_id=367"},"modified":"2021-05-23T17:50:52","modified_gmt":"2021-05-23T15:50:52","slug":"brunnenrueckbau","status":"publish","type":"page","link":"https:\/\/www.vintage-classics.de\/?page_id=367","title":{"rendered":"Brunnenr\u00fcckbau"},"content":{"rendered":"\n<style type=\"text\/css\" data-created_by=\"avia_inline_auto\" id=\"style-css-av-kbdqopy2-3b56a550811d4539815bcdcead6a75de\">\n.avia-image-container.av-kbdqopy2-3b56a550811d4539815bcdcead6a75de img.avia_image{\nbox-shadow:none;\n}\n.avia-image-container.av-kbdqopy2-3b56a550811d4539815bcdcead6a75de .av-image-caption-overlay-center{\ncolor:#ffffff;\n}\n<\/style>\n<div  class='avia-image-container av-kbdqopy2-3b56a550811d4539815bcdcead6a75de av-styling- avia-align-center  avia-builder-el-0  el_before_av_hr  avia-builder-el-first '   itemprop=\"image\" itemscope=\"itemscope\" itemtype=\"https:\/\/schema.org\/ImageObject\" ><div class=\"avia-image-container-inner\"><div class=\"avia-image-overlay-wrap\"><img decoding=\"async\" fetchpriority=\"high\" class='wp-image-531 avia-img-lazy-loading-not-531 avia_image ' src=\"https:\/\/www.vintage-classics.de\/wp-content\/uploads\/2020\/01\/iStock-520735876-1500x430.jpg\" alt='' title=''  height=\"430\" width=\"1500\"  itemprop=\"thumbnailUrl\"  \/><\/div><\/div><\/div>\n\n<style type=\"text\/css\" data-created_by=\"avia_inline_auto\" id=\"style-css-av-k5dzm5cb-8bf7f86634ad691bf0bcd029bff36a8f\">\n#top .hr.hr-invisible.av-k5dzm5cb-8bf7f86634ad691bf0bcd029bff36a8f{\nheight:40px;\n}\n<\/style>\n<div  class='hr av-k5dzm5cb-8bf7f86634ad691bf0bcd029bff36a8f hr-invisible  avia-builder-el-1  el_after_av_image  el_before_av_one_full '><span class='hr-inner '><span class=\"hr-inner-style\"><\/span><\/span><\/div>\n\n<style type=\"text\/css\" data-created_by=\"avia_inline_auto\" id=\"style-css-av-3fgejl-698052148596e3ec9da6cfb7cf253126\">\n#top .flex_column.av-3fgejl-698052148596e3ec9da6cfb7cf253126{\nmargin-top:40px;\nmargin-bottom:0px;\n}\n.flex_column.av-3fgejl-698052148596e3ec9da6cfb7cf253126{\nborder-radius:0px 0px 0px 0px;\npadding:0px 0px 0px 0px;\n}\n.responsive #top #wrap_all .flex_column.av-3fgejl-698052148596e3ec9da6cfb7cf253126{\nmargin-top:40px;\nmargin-bottom:0px;\n}\n<\/style>\n<div  class='flex_column av-3fgejl-698052148596e3ec9da6cfb7cf253126 av_one_full  avia-builder-el-2  el_after_av_hr  el_before_av_one_half  first flex_column_div av-animated-generic bottom-to-top av-zero-column-padding  '     ><p>\n<style type=\"text\/css\" data-created_by=\"avia_inline_auto\" id=\"style-css-av-6s08f-02f47657f8dfa45103b27c05f0818d6e\">\n#top .av-special-heading.av-6s08f-02f47657f8dfa45103b27c05f0818d6e{\npadding-bottom:0;\n}\nbody .av-special-heading.av-6s08f-02f47657f8dfa45103b27c05f0818d6e .av-special-heading-tag .heading-char{\nfont-size:25px;\n}\n.av-special-heading.av-6s08f-02f47657f8dfa45103b27c05f0818d6e .av-subheading{\nfont-size:15px;\n}\n<\/style>\n<div  class='av-special-heading av-6s08f-02f47657f8dfa45103b27c05f0818d6e av-special-heading-h2 blockquote modern-quote  avia-builder-el-3  el_before_av_hr  avia-builder-el-first  av-linked-heading'><h2 class='av-special-heading-tag'  itemprop=\"headline\"  >Brunnenr\u00fcckbau gem\u00e4\u00df DVGW W135<\/h2><div class=\"special-heading-border\"><div class=\"special-heading-inner-border\"><\/div><\/div><\/div><br \/>\n\n<style type=\"text\/css\" data-created_by=\"avia_inline_auto\" id=\"style-css-av-31f2ex-6a95d53af0277450628d77b0e81db08a\">\n#top .hr.av-31f2ex-6a95d53af0277450628d77b0e81db08a{\nmargin-top:10px;\nmargin-bottom:10px;\n}\n.hr.av-31f2ex-6a95d53af0277450628d77b0e81db08a .hr-inner{\nwidth:50px;\nborder-color:#1d70b8;\n}\n<\/style>\n<div  class='hr av-31f2ex-6a95d53af0277450628d77b0e81db08a hr-custom  avia-builder-el-4  el_after_av_heading  avia-builder-el-last  hr-left hr-icon-no'><span class='hr-inner inner-border-av-border-fat'><span class=\"hr-inner-style\"><\/span><\/span><\/div><\/p><\/div>\n<style type=\"text\/css\" data-created_by=\"avia_inline_auto\" id=\"style-css-av-2ttroh-d2ae8676a4bb3db6718d1f2a88cf72a6\">\n#top .flex_column.av-2ttroh-d2ae8676a4bb3db6718d1f2a88cf72a6{\nmargin-top:40px;\nmargin-bottom:0px;\n}\n.flex_column.av-2ttroh-d2ae8676a4bb3db6718d1f2a88cf72a6{\nborder-radius:0px 0px 0px 0px;\npadding:0px 0px 0px 0px;\n}\n.responsive #top #wrap_all .flex_column.av-2ttroh-d2ae8676a4bb3db6718d1f2a88cf72a6{\nmargin-top:40px;\nmargin-bottom:0px;\n}\n<\/style>\n<div  class='flex_column av-2ttroh-d2ae8676a4bb3db6718d1f2a88cf72a6 av_one_half  avia-builder-el-5  el_after_av_one_full  el_before_av_one_half  first flex_column_div av-animated-generic bottom-to-top av-zero-column-padding  column-top-margin'     ><style type=\"text\/css\" data-created_by=\"avia_inline_auto\" id=\"style-css-av-kbdqnrid-89a27103bcaf5deed7da782f4406c9ce\">\n#top .av-special-heading.av-kbdqnrid-89a27103bcaf5deed7da782f4406c9ce{\nmargin:10px 10px 10px 0;\npadding-bottom:10px;\nfont-size:24px;\n}\nbody .av-special-heading.av-kbdqnrid-89a27103bcaf5deed7da782f4406c9ce .av-special-heading-tag .heading-char{\nfont-size:25px;\n}\n#top #wrap_all .av-special-heading.av-kbdqnrid-89a27103bcaf5deed7da782f4406c9ce .av-special-heading-tag{\nfont-size:24px;\n}\n.av-special-heading.av-kbdqnrid-89a27103bcaf5deed7da782f4406c9ce .av-subheading{\nfont-size:15px;\n}\n\n@media only screen and (min-width: 480px) and (max-width: 767px){ \n#top #wrap_all .av-special-heading.av-kbdqnrid-89a27103bcaf5deed7da782f4406c9ce .av-special-heading-tag{\nfont-size:0.8em;\n}\n}\n\n@media only screen and (max-width: 479px){ \n#top #wrap_all .av-special-heading.av-kbdqnrid-89a27103bcaf5deed7da782f4406c9ce .av-special-heading-tag{\nfont-size:0.8em;\n}\n}\n<\/style>\n<div  class='av-special-heading av-kbdqnrid-89a27103bcaf5deed7da782f4406c9ce av-special-heading-h5 blockquote modern-quote  avia-builder-el-6  avia-builder-el-no-sibling  av-inherit-size av-linked-heading'><h5 class='av-special-heading-tag'  itemprop=\"headline\"  >Fachgerechter Brunnenr\u00fcckbau gem\u00e4\u00df DVGW Arbeitsblatt W135<\/h5><div class=\"special-heading-border\"><div class=\"special-heading-inner-border\"><\/div><\/div><\/div><\/div><\/p>\n\n<style type=\"text\/css\" data-created_by=\"avia_inline_auto\" id=\"style-css-av-2ttroh-3f50e1570c127758c5bd44985da3829f\">\n#top .flex_column.av-2ttroh-3f50e1570c127758c5bd44985da3829f{\nmargin-top:40px;\nmargin-bottom:0px;\n}\n.flex_column.av-2ttroh-3f50e1570c127758c5bd44985da3829f{\nborder-radius:0px 0px 0px 0px;\npadding:0px 0px 0px 0px;\n}\n.responsive #top #wrap_all .flex_column.av-2ttroh-3f50e1570c127758c5bd44985da3829f{\nmargin-top:40px;\nmargin-bottom:0px;\n}\n<\/style>\n<div  class='flex_column av-2ttroh-3f50e1570c127758c5bd44985da3829f av_one_half  avia-builder-el-7  el_after_av_one_half  el_before_av_one_half  flex_column_div av-animated-generic bottom-to-top av-zero-column-padding  column-top-margin'     ><style type=\"text\/css\" data-created_by=\"avia_inline_auto\" id=\"style-css-av-kbcevooe-d1231ebfec53e0d16baa3d4daee6cc64\">\n#top .av-special-heading.av-kbcevooe-d1231ebfec53e0d16baa3d4daee6cc64{\nmargin:10px 10px 10px 0;\npadding-bottom:10px;\nfont-size:24px;\n}\nbody .av-special-heading.av-kbcevooe-d1231ebfec53e0d16baa3d4daee6cc64 .av-special-heading-tag .heading-char{\nfont-size:25px;\n}\n#top #wrap_all .av-special-heading.av-kbcevooe-d1231ebfec53e0d16baa3d4daee6cc64 .av-special-heading-tag{\nfont-size:24px;\n}\n.av-special-heading.av-kbcevooe-d1231ebfec53e0d16baa3d4daee6cc64 .av-subheading{\nfont-size:15px;\n}\n\n@media only screen and (min-width: 480px) and (max-width: 767px){ \n#top #wrap_all .av-special-heading.av-kbcevooe-d1231ebfec53e0d16baa3d4daee6cc64 .av-special-heading-tag{\nfont-size:0.8em;\n}\n}\n\n@media only screen and (max-width: 479px){ \n#top #wrap_all .av-special-heading.av-kbcevooe-d1231ebfec53e0d16baa3d4daee6cc64 .av-special-heading-tag{\nfont-size:0.8em;\n}\n}\n<\/style>\n<div  class='av-special-heading av-kbcevooe-d1231ebfec53e0d16baa3d4daee6cc64 av-special-heading-h5 blockquote modern-quote  avia-builder-el-8  avia-builder-el-no-sibling  av-inherit-size av-linked-heading'><h5 class='av-special-heading-tag'  itemprop=\"headline\"  >Wir unterst\u00fctzen Sie bei Ihrem R\u00fcckbauprojekt<\/h5><div class=\"special-heading-border\"><div class=\"special-heading-inner-border\"><\/div><\/div><\/div><\/div>\n\n<style type=\"text\/css\" data-created_by=\"avia_inline_auto\" id=\"style-css-av-2ttroh-8fe6f10320613f701dc6f193473cf0f5\">\n#top .flex_column.av-2ttroh-8fe6f10320613f701dc6f193473cf0f5{\nmargin-top:0px;\nmargin-bottom:0px;\n}\n.flex_column.av-2ttroh-8fe6f10320613f701dc6f193473cf0f5{\nborder-radius:0px 0px 0px 0px;\npadding:0px 0px 0px 0px;\n}\n.responsive #top #wrap_all .flex_column.av-2ttroh-8fe6f10320613f701dc6f193473cf0f5{\nmargin-top:0px;\nmargin-bottom:0px;\n}\n<\/style>\n<div  class='flex_column av-2ttroh-8fe6f10320613f701dc6f193473cf0f5 av_one_half  avia-builder-el-9  el_after_av_one_half  el_before_av_one_half  first flex_column_div av-animated-generic bottom-to-top av-zero-column-padding  column-top-margin'     ><style type=\"text\/css\" data-created_by=\"avia_inline_auto\" id=\"style-css-av-2stz3l-f79e511e4405fe527c96005a3b07b59a\">\n#top .av_textblock_section.av-2stz3l-f79e511e4405fe527c96005a3b07b59a .avia_textblock{\ncolor:#000000;\n}\n<\/style>\n<section  class='av_textblock_section av-2stz3l-f79e511e4405fe527c96005a3b07b59a '   itemscope=\"itemscope\" itemtype=\"https:\/\/schema.org\/CreativeWork\" ><div class='avia_textblock av_inherit_color'  itemprop=\"text\" ><p><span style=\"color: #0e71b8;\"><strong>Still gelegte oder stillzulegende Brunnen m\u00fcssen gem\u00e4\u00df den g\u00fcltigen Gesetzen sowie technischen Regelwerken und Auflagen der zust\u00e4ndigen Wasserbeh\u00f6rden zur\u00fcckgebaut werden.<\/strong><\/span><\/p>\n<p>Gem\u00e4\u00df der entsprechenden Gesetzen und Verordnungen m\u00fcssen gem\u00e4\u00df DVGW Arbeitsblatt W135\u00a0 aufzugebende Wasserfassungsanlagen, entsprechend den hydrogeologischen Verh\u00e4ltnissen, zur\u00fcckgebaut und verf\u00fcllt werden, sodass ein Kurzschluss zwischen verschiedenen Wasserhorizonten und ein Eindringen von Oberfl\u00e4chenwasser in tiefere Schichten auf Dauer sicher verhindert wird.<br \/>\nDiese Ma\u00dfnahmen dienen dem Schutz der nat\u00fcrlichen Ressource Grundwasser.<\/p>\n<p>Dabei k\u00f6nnen wir Sie mit unserm Knowhow unterst\u00fctzen.<\/p>\n<\/div><\/section><\/div>\n<style type=\"text\/css\" data-created_by=\"avia_inline_auto\" id=\"style-css-av-2k1mzd-cbfce06d9faa1aec0512237af3183f4d\">\n#top .flex_column.av-2k1mzd-cbfce06d9faa1aec0512237af3183f4d{\nmargin-top:0px;\nmargin-bottom:0px;\n}\n.flex_column.av-2k1mzd-cbfce06d9faa1aec0512237af3183f4d{\nborder-radius:0px 0px 0px 0px;\npadding:0px 0px 0px 0px;\n}\n.responsive #top #wrap_all .flex_column.av-2k1mzd-cbfce06d9faa1aec0512237af3183f4d{\nmargin-top:0px;\nmargin-bottom:0px;\n}\n<\/style>\n<div  class='flex_column av-2k1mzd-cbfce06d9faa1aec0512237af3183f4d av_one_half  avia-builder-el-11  el_after_av_one_half  el_before_av_one_full  flex_column_div av-animated-generic bottom-to-top av-zero-column-padding  column-top-margin'     ><style type=\"text\/css\" data-created_by=\"avia_inline_auto\" id=\"style-css-av-2f0kgp-4297a2c9df37ac1087fe21d84892b5e4\">\n#top .av_textblock_section.av-2f0kgp-4297a2c9df37ac1087fe21d84892b5e4 .avia_textblock{\ncolor:#000000;\n}\n<\/style>\n<section  class='av_textblock_section av-2f0kgp-4297a2c9df37ac1087fe21d84892b5e4 '   itemscope=\"itemscope\" itemtype=\"https:\/\/schema.org\/CreativeWork\" ><div class='avia_textblock av_inherit_color'  itemprop=\"text\" ><p>Die historische Recherche \u00fcber den r\u00fcckzubauenden Brunnen anhand von zur Verf\u00fcgung stehenden Bestandsunterlagen und deren Bewertung, sowie die Evaluierung erg\u00e4nzender Untersuchungen zur Beurteilung von Gefahren m\u00f6glicher Grundwasser Kurzschl\u00fcsse erfolgen vor der Erstellung eines geeigneten R\u00fcckbaukonzeptes in welchem alle beh\u00f6rdlichen Auflagen umgesetzt werden.<\/p>\n<p>Wie der eigentliche R\u00fcckbau des Brunnens aussieht kann erst nach genauer Analyse der geohydrologischen Standortbedingungen und der beh\u00f6rdlichen Auflagen angegeben werden.<\/p>\n<p>Ein R\u00fcckbau kann von einer einfachen Verf\u00fcllung mit Kies und Ton, \u00fcber die Verpressung der Filterstrecke mit Brunnend\u00e4mmer oder Ton, bis zum Vollst\u00e4ndigen \u00dcberbohren des Brunnens mit totaler Entfernung des Brunnenausbaus und schichtgerechter Verf\u00fcllung unter Ber\u00fccksichtigung der wasserstauenden Schichten reichen. Zur Vermeidung unn\u00f6tiger Kosten ist eine genaue Voruntersuchung erforderlich.<\/p>\n<\/div><\/section><\/div><\/p>\n\n<style type=\"text\/css\" data-created_by=\"avia_inline_auto\" id=\"style-css-av-29t5jt-e286507338b291cc10156be88f77e023\">\n.flex_column.av-29t5jt-e286507338b291cc10156be88f77e023{\nborder-radius:0px 0px 0px 0px;\npadding:0px 0px 0px 0px;\n}\n<\/style>\n<div  class='flex_column av-29t5jt-e286507338b291cc10156be88f77e023 av_one_full  avia-builder-el-13  el_after_av_one_half  el_before_av_one_full  first flex_column_div av-animated-generic bottom-to-top av-zero-column-padding  column-top-margin'     ><style type=\"text\/css\" data-created_by=\"avia_inline_auto\" id=\"style-css-av-2f0kgp-4297a2c9df37ac1087fe21d84892b5e4\">\n#top .av_textblock_section.av-2f0kgp-4297a2c9df37ac1087fe21d84892b5e4 .avia_textblock{\ncolor:#000000;\n}\n<\/style>\n<section  class='av_textblock_section av-2f0kgp-4297a2c9df37ac1087fe21d84892b5e4 '   itemscope=\"itemscope\" itemtype=\"https:\/\/schema.org\/CreativeWork\" ><div class='avia_textblock av_inherit_color'  itemprop=\"text\" ><p><strong>Wir wenden folgende Verfahren an:<\/strong><\/p>\n<p><strong>\u2022 Brunnenr\u00fcckverf\u00fcllung<\/strong><\/p>\n<p><strong>\u2022 Verpressung<\/strong><\/p>\n<p><strong>\u2022 R\u00fcckbau des Brunnenausbaus und der Ringraumabdichtung bzw. Hinterf\u00fcllung<\/strong><\/p>\n<p><strong>\u2022 Verwahrung<\/strong><\/p>\n<\/div><\/section><\/div>\n\n<style type=\"text\/css\" data-created_by=\"avia_inline_auto\" id=\"style-css-av-js3bb-60ab4c3d6fed86afb036f631759952c1\">\n.flex_column.av-js3bb-60ab4c3d6fed86afb036f631759952c1{\nborder-radius:0px 0px 0px 0px;\npadding:0px 0px 0px 0px;\n}\n<\/style>\n<div  class='flex_column av-js3bb-60ab4c3d6fed86afb036f631759952c1 av_one_full  avia-builder-el-15  el_after_av_one_full  avia-builder-el-last  first flex_column_div av-zero-column-padding  column-top-margin'     ><style type=\"text\/css\" data-created_by=\"avia_inline_auto\" id=\"style-css-av-25d5ip-41b9b94861c5da3029cb687e5067fecb\">\n#top .togglecontainer.av-25d5ip-41b9b94861c5da3029cb687e5067fecb p.toggler{\ncolor:#ffffff;\nbackground-color:rgba(29,112,184,0.6);\n}\n#top .togglecontainer.av-25d5ip-41b9b94861c5da3029cb687e5067fecb p.toggler.activeTitle{\ncolor:rgba(255,255,255,0.5);\nborder-color:rgba(255,255,255,0.5);\nbackground-color:#1d70b8;\n}\n#top .togglecontainer.av-25d5ip-41b9b94861c5da3029cb687e5067fecb p.toggler .toggle_icon{\ncolor:#ffffff;\nborder-color:#ffffff;\n}\n#top .togglecontainer.av-25d5ip-41b9b94861c5da3029cb687e5067fecb .toggle_wrap .toggle_content{\ncolor:#ffffff;\nbackground-color:rgba(29,112,184,0.6);\n}\n<\/style>\n<div  class='togglecontainer av-25d5ip-41b9b94861c5da3029cb687e5067fecb av-minimal-toggle  avia-builder-el-16  avia-builder-el-no-sibling  toggle_close_all hasCurrentStyle' >\n<section class='av_toggle_section av-6qi7z-96243b4a4db8491147265a2d09640c88'  itemscope=\"itemscope\" itemtype=\"https:\/\/schema.org\/CreativeWork\" ><div role=\"tablist\" class=\"single_toggle\" data-tags=\"{Alle} \"  ><p data-fake-id='#toggle-id-1' class='toggler   av-inherit-font-color hasCustomColor'  itemprop=\"headline\"  role='tab' tabindex='0' aria-controls='toggle-id-1'>Hier finden Sie bald detaillierte Informationen<span class=\"toggle_icon\"><span class=\"vert_icon\"><\/span><span class=\"hor_icon\"><\/span><\/span><\/p><div id='toggle-id-1' class='toggle_wrap  '  ><div class='toggle_content invers-color av-inherit-font-color hasCustomColor'  itemprop=\"text\" ><\/div><\/div><\/div><\/section>\n<section class='av_toggle_section av-dg9xb-154c00e5a8e8a2a49a41e7593073c3c5'  itemscope=\"itemscope\" itemtype=\"https:\/\/schema.org\/CreativeWork\" ><div role=\"tablist\" class=\"single_toggle\" data-tags=\"{Alle} \"  ><p data-fake-id='#toggle-id-2' class='toggler   av-inherit-font-color hasCustomColor'  itemprop=\"headline\"  role='tab' tabindex='0' aria-controls='toggle-id-2'>Hier finden Sie bald detaillierte Informationen<span class=\"toggle_icon\"><span class=\"vert_icon\"><\/span><span class=\"hor_icon\"><\/span><\/span><\/p><div id='toggle-id-2' class='toggle_wrap  '  ><div class='toggle_content invers-color av-inherit-font-color hasCustomColor'  itemprop=\"text\" ><\/div><\/div><\/div><\/section>\n<section class='av_toggle_section av-bs39b-10c75b944c38b1f4f13ecf618310c956'  itemscope=\"itemscope\" itemtype=\"https:\/\/schema.org\/CreativeWork\" ><div role=\"tablist\" class=\"single_toggle\" data-tags=\"{Alle} \"  ><p data-fake-id='#toggle-id-3' class='toggler   av-inherit-font-color hasCustomColor'  itemprop=\"headline\"  role='tab' tabindex='0' aria-controls='toggle-id-3'>Hier finden Sie bald detaillierte Informationen<span class=\"toggle_icon\"><span class=\"vert_icon\"><\/span><span class=\"hor_icon\"><\/span><\/span><\/p><div id='toggle-id-3' class='toggle_wrap  '  ><div class='toggle_content invers-color av-inherit-font-color hasCustomColor'  itemprop=\"text\" ><\/div><\/div><\/div><\/section>\n<\/div><\/div>\n","protected":false},"excerpt":{"rendered":"","protected":false},"author":1,"featured_media":0,"parent":25,"menu_order":3,"comment_status":"closed","ping_status":"closed","template":"","meta":{"footnotes":""},"yoast_head":"<!-- This site is optimized with the Yoast SEO Premium plugin v19.1 (Yoast SEO v22.1) - https:\/\/yoast.com\/wordpress\/plugins\/seo\/ -->\n<title>Brunnenr\u00fcckbau - Brunnen und Pumpen Service<\/title>\n<meta name=\"description\" content=\"Brunnenr\u00fcckbau gem\u00e4\u00df Arbeitsblatt DVGW W135 durch Verwahrung, Verf\u00fcllung, Verpressung, Abwerfen, Sicherung und R\u00fcckbau von Brunnen\" \/>\n<meta name=\"robots\" content=\"index, follow, max-snippet:-1, max-image-preview:large, max-video-preview:-1\" \/>\n<link rel=\"canonical\" href=\"https:\/\/www.vintage-classics.de\/?page_id=367\" \/>\n<meta property=\"og:locale\" content=\"de_DE\" \/>\n<meta property=\"og:type\" content=\"article\" \/>\n<meta property=\"og:title\" content=\"Brunnenr\u00fcckbau\" \/>\n<meta property=\"og:description\" content=\"Brunnenr\u00fcckbau gem\u00e4\u00df Arbeitsblatt DVGW W135 durch Verwahrung, Verf\u00fcllung, Verpressung, Abwerfen, Sicherung und R\u00fcckbau von Brunnen\" \/>\n<meta property=\"og:url\" content=\"https:\/\/www.vintage-classics.de\/?page_id=367\" \/>\n<meta property=\"og:site_name\" content=\"Brunnen und Pumpen Service\" \/>\n<meta property=\"article:modified_time\" content=\"2021-05-23T15:50:52+00:00\" \/>\n<meta name=\"twitter:card\" content=\"summary_large_image\" \/>\n<meta name=\"twitter:label1\" content=\"Gesch\u00e4tzte Lesezeit\" \/>\n\t<meta name=\"twitter:data1\" content=\"3\u00a0Minuten\" \/>\n<script type=\"application\/ld+json\" class=\"yoast-schema-graph\">{\"@context\":\"https:\/\/schema.org\",\"@graph\":[{\"@type\":\"WebPage\",\"@id\":\"https:\/\/www.vintage-classics.de\/?page_id=367\",\"url\":\"https:\/\/www.vintage-classics.de\/?page_id=367\",\"name\":\"Brunnenr\u00fcckbau - Brunnen und Pumpen Service\",\"isPartOf\":{\"@id\":\"https:\/\/www.vintage-classics.de\/#website\"},\"datePublished\":\"2019-12-18T11:07:24+00:00\",\"dateModified\":\"2021-05-23T15:50:52+00:00\",\"description\":\"Brunnenr\u00fcckbau gem\u00e4\u00df Arbeitsblatt DVGW W135 durch Verwahrung, Verf\u00fcllung, Verpressung, Abwerfen, Sicherung und R\u00fcckbau von Brunnen\",\"breadcrumb\":{\"@id\":\"https:\/\/www.vintage-classics.de\/?page_id=367#breadcrumb\"},\"inLanguage\":\"de\",\"potentialAction\":[{\"@type\":\"ReadAction\",\"target\":[\"https:\/\/www.vintage-classics.de\/?page_id=367\"]}]},{\"@type\":\"BreadcrumbList\",\"@id\":\"https:\/\/www.vintage-classics.de\/?page_id=367#breadcrumb\",\"itemListElement\":[{\"@type\":\"ListItem\",\"position\":1,\"name\":\"Startseite\",\"item\":\"https:\/\/www.vintage-classics.de\/\"},{\"@type\":\"ListItem\",\"position\":2,\"name\":\"Leistungen\",\"item\":\"https:\/\/www.vintage-classics.de\/?page_id=25\"},{\"@type\":\"ListItem\",\"position\":3,\"name\":\"Brunnenr\u00fcckbau\"}]},{\"@type\":\"WebSite\",\"@id\":\"https:\/\/www.vintage-classics.de\/#website\",\"url\":\"https:\/\/www.vintage-classics.de\/\",\"name\":\"Brunnen und Pumpen Service\",\"description\":\"Dienstleister f\u00fcr Brunnenregenerierung, Brunnensanierung, Brunneninspektion, Wartung und Instandhaltung an Brunnenbauwerken\",\"publisher\":{\"@id\":\"https:\/\/www.vintage-classics.de\/#organization\"},\"potentialAction\":[{\"@type\":\"SearchAction\",\"target\":{\"@type\":\"EntryPoint\",\"urlTemplate\":\"https:\/\/www.vintage-classics.de\/?s={search_term_string}\"},\"query-input\":\"required name=search_term_string\"}],\"inLanguage\":\"de\"},{\"@type\":\"Organization\",\"@id\":\"https:\/\/www.vintage-classics.de\/#organization\",\"name\":\"BPK Brunnen & Pumpen Service\",\"url\":\"https:\/\/www.vintage-classics.de\/\",\"logo\":{\"@type\":\"ImageObject\",\"inLanguage\":\"de\",\"@id\":\"https:\/\/www.vintage-classics.de\/#\/schema\/logo\/image\/\",\"url\":\"https:\/\/www.vintage-classics.de\/wp-content\/uploads\/2020\/08\/Logo_BPK_getrennt_rgb.png\",\"contentUrl\":\"https:\/\/www.vintage-classics.de\/wp-content\/uploads\/2020\/08\/Logo_BPK_getrennt_rgb.png\",\"width\":1218,\"height\":368,\"caption\":\"BPK Brunnen & Pumpen Service\"},\"image\":{\"@id\":\"https:\/\/www.vintage-classics.de\/#\/schema\/logo\/image\/\"}}]}<\/script>\n<!-- \/ Yoast SEO Premium plugin. -->","yoast_head_json":{"title":"Brunnenr\u00fcckbau - Brunnen und Pumpen Service","description":"Brunnenr\u00fcckbau gem\u00e4\u00df Arbeitsblatt DVGW W135 durch Verwahrung, Verf\u00fcllung, Verpressung, Abwerfen, Sicherung und R\u00fcckbau von Brunnen","robots":{"index":"index","follow":"follow","max-snippet":"max-snippet:-1","max-image-preview":"max-image-preview:large","max-video-preview":"max-video-preview:-1"},"canonical":"https:\/\/www.vintage-classics.de\/?page_id=367","og_locale":"de_DE","og_type":"article","og_title":"Brunnenr\u00fcckbau","og_description":"Brunnenr\u00fcckbau gem\u00e4\u00df Arbeitsblatt DVGW W135 durch Verwahrung, Verf\u00fcllung, Verpressung, Abwerfen, Sicherung und R\u00fcckbau von Brunnen","og_url":"https:\/\/www.vintage-classics.de\/?page_id=367","og_site_name":"Brunnen und Pumpen Service","article_modified_time":"2021-05-23T15:50:52+00:00","twitter_card":"summary_large_image","twitter_misc":{"Gesch\u00e4tzte Lesezeit":"3\u00a0Minuten"},"schema":{"@context":"https:\/\/schema.org","@graph":[{"@type":"WebPage","@id":"https:\/\/www.vintage-classics.de\/?page_id=367","url":"https:\/\/www.vintage-classics.de\/?page_id=367","name":"Brunnenr\u00fcckbau - Brunnen und Pumpen Service","isPartOf":{"@id":"https:\/\/www.vintage-classics.de\/#website"},"datePublished":"2019-12-18T11:07:24+00:00","dateModified":"2021-05-23T15:50:52+00:00","description":"Brunnenr\u00fcckbau gem\u00e4\u00df Arbeitsblatt DVGW W135 durch Verwahrung, Verf\u00fcllung, Verpressung, Abwerfen, Sicherung und R\u00fcckbau von Brunnen","breadcrumb":{"@id":"https:\/\/www.vintage-classics.de\/?page_id=367#breadcrumb"},"inLanguage":"de","potentialAction":[{"@type":"ReadAction","target":["https:\/\/www.vintage-classics.de\/?page_id=367"]}]},{"@type":"BreadcrumbList","@id":"https:\/\/www.vintage-classics.de\/?page_id=367#breadcrumb","itemListElement":[{"@type":"ListItem","position":1,"name":"Startseite","item":"https:\/\/www.vintage-classics.de\/"},{"@type":"ListItem","position":2,"name":"Leistungen","item":"https:\/\/www.vintage-classics.de\/?page_id=25"},{"@type":"ListItem","position":3,"name":"Brunnenr\u00fcckbau"}]},{"@type":"WebSite","@id":"https:\/\/www.vintage-classics.de\/#website","url":"https:\/\/www.vintage-classics.de\/","name":"Brunnen und Pumpen Service","description":"Dienstleister f\u00fcr Brunnenregenerierung, Brunnensanierung, Brunneninspektion, Wartung und Instandhaltung an Brunnenbauwerken","publisher":{"@id":"https:\/\/www.vintage-classics.de\/#organization"},"potentialAction":[{"@type":"SearchAction","target":{"@type":"EntryPoint","urlTemplate":"https:\/\/www.vintage-classics.de\/?s={search_term_string}"},"query-input":"required name=search_term_string"}],"inLanguage":"de"},{"@type":"Organization","@id":"https:\/\/www.vintage-classics.de\/#organization","name":"BPK Brunnen & Pumpen Service","url":"https:\/\/www.vintage-classics.de\/","logo":{"@type":"ImageObject","inLanguage":"de","@id":"https:\/\/www.vintage-classics.de\/#\/schema\/logo\/image\/","url":"https:\/\/www.vintage-classics.de\/wp-content\/uploads\/2020\/08\/Logo_BPK_getrennt_rgb.png","contentUrl":"https:\/\/www.vintage-classics.de\/wp-content\/uploads\/2020\/08\/Logo_BPK_getrennt_rgb.png","width":1218,"height":368,"caption":"BPK Brunnen & Pumpen Service"},"image":{"@id":"https:\/\/www.vintage-classics.de\/#\/schema\/logo\/image\/"}}]}},"_links":{"self":[{"href":"https:\/\/www.vintage-classics.de\/index.php?rest_route=\/wp\/v2\/pages\/367"}],"collection":[{"href":"https:\/\/www.vintage-classics.de\/index.php?rest_route=\/wp\/v2\/pages"}],"about":[{"href":"https:\/\/www.vintage-classics.de\/index.php?rest_route=\/wp\/v2\/types\/page"}],"author":[{"embeddable":true,"href":"https:\/\/www.vintage-classics.de\/index.php?rest_route=\/wp\/v2\/users\/1"}],"replies":[{"embeddable":true,"href":"https:\/\/www.vintage-classics.de\/index.php?rest_route=%2Fwp%2Fv2%2Fcomments&post=367"}],"version-history":[{"count":12,"href":"https:\/\/www.vintage-classics.de\/index.php?rest_route=\/wp\/v2\/pages\/367\/revisions"}],"predecessor-version":[{"id":1392,"href":"https:\/\/www.vintage-classics.de\/index.php?rest_route=\/wp\/v2\/pages\/367\/revisions\/1392"}],"up":[{"embeddable":true,"href":"https:\/\/www.vintage-classics.de\/index.php?rest_route=\/wp\/v2\/pages\/25"}],"wp:attachment":[{"href":"https:\/\/www.vintage-classics.de\/index.php?rest_route=%2Fwp%2Fv2%2Fmedia&parent=367"}],"curies":[{"name":"wp","href":"https:\/\/api.w.org\/{rel}","templated":true}]}}