{"id":369,"date":"2019-12-18T12:08:00","date_gmt":"2019-12-18T11:08:00","guid":{"rendered":"https:\/\/www.vintage-classics.de\/cms\/?page_id=369"},"modified":"2021-05-23T13:31:28","modified_gmt":"2021-05-23T11:31:28","slug":"pumpenservice","status":"publish","type":"page","link":"https:\/\/www.vintage-classics.de\/?page_id=369","title":{"rendered":"Pumpenservice"},"content":{"rendered":"\n<style type=\"text\/css\" data-created_by=\"avia_inline_auto\" id=\"style-css-av-kbdzasv1-ee37ca1107409ab490a7f13816f33b7c\">\n.avia-image-container.av-kbdzasv1-ee37ca1107409ab490a7f13816f33b7c img.avia_image{\nbox-shadow:none;\n}\n.avia-image-container.av-kbdzasv1-ee37ca1107409ab490a7f13816f33b7c .av-image-caption-overlay-center{\ncolor:#ffffff;\n}\n<\/style>\n<div  class='avia-image-container av-kbdzasv1-ee37ca1107409ab490a7f13816f33b7c av-styling- avia-align-center  avia-builder-el-0  el_before_av_hr  avia-builder-el-first '   itemprop=\"image\" itemscope=\"itemscope\" itemtype=\"https:\/\/schema.org\/ImageObject\" ><div class=\"avia-image-container-inner\"><div class=\"avia-image-overlay-wrap\"><img decoding=\"async\" fetchpriority=\"high\" class='wp-image-265 avia-img-lazy-loading-not-265 avia_image ' src=\"https:\/\/www.vintage-classics.de\/wp-content\/uploads\/2019\/09\/AdobeStock_185851253-1500x430.jpeg\" alt='' title=''  height=\"430\" width=\"1500\"  itemprop=\"thumbnailUrl\"  \/><\/div><\/div><\/div>\n\n<style type=\"text\/css\" data-created_by=\"avia_inline_auto\" id=\"style-css-av-k5dzm5cb-8bf7f86634ad691bf0bcd029bff36a8f\">\n#top .hr.hr-invisible.av-k5dzm5cb-8bf7f86634ad691bf0bcd029bff36a8f{\nheight:40px;\n}\n<\/style>\n<div  class='hr av-k5dzm5cb-8bf7f86634ad691bf0bcd029bff36a8f hr-invisible  avia-builder-el-1  el_after_av_image  el_before_av_one_full '><span class='hr-inner '><span class=\"hr-inner-style\"><\/span><\/span><\/div>\n\n<style type=\"text\/css\" data-created_by=\"avia_inline_auto\" id=\"style-css-av-3fgejl-a273b60cfcd9362e814ed2907e827aeb\">\n#top .flex_column.av-3fgejl-a273b60cfcd9362e814ed2907e827aeb{\nmargin-top:0px;\nmargin-bottom:0px;\n}\n.flex_column.av-3fgejl-a273b60cfcd9362e814ed2907e827aeb{\nborder-radius:0px 0px 0px 0px;\npadding:0px 0px 0px 0px;\n}\n.responsive #top #wrap_all .flex_column.av-3fgejl-a273b60cfcd9362e814ed2907e827aeb{\nmargin-top:0px;\nmargin-bottom:0px;\n}\n<\/style>\n<div  class='flex_column av-3fgejl-a273b60cfcd9362e814ed2907e827aeb av_one_full  avia-builder-el-2  el_after_av_hr  el_before_av_heading  first flex_column_div av-animated-generic bottom-to-top av-zero-column-padding  '     ><p>\n<style type=\"text\/css\" data-created_by=\"avia_inline_auto\" id=\"style-css-av-bueld-2e90774ed8930ce83e42a81b14ddcc0a\">\n#top .av-special-heading.av-bueld-2e90774ed8930ce83e42a81b14ddcc0a{\npadding-bottom:0;\n}\nbody .av-special-heading.av-bueld-2e90774ed8930ce83e42a81b14ddcc0a .av-special-heading-tag .heading-char{\nfont-size:25px;\n}\n.av-special-heading.av-bueld-2e90774ed8930ce83e42a81b14ddcc0a .av-subheading{\nfont-size:15px;\n}\n<\/style>\n<div  class='av-special-heading av-bueld-2e90774ed8930ce83e42a81b14ddcc0a av-special-heading-h2 blockquote modern-quote  avia-builder-el-3  el_before_av_hr  avia-builder-el-first  av-linked-heading'><h2 class='av-special-heading-tag'  itemprop=\"headline\"  >Pumpenservice<\/h2><div class=\"special-heading-border\"><div class=\"special-heading-inner-border\"><\/div><\/div><\/div><br \/>\n\n<style type=\"text\/css\" data-created_by=\"avia_inline_auto\" id=\"style-css-av-31f2ex-6a95d53af0277450628d77b0e81db08a\">\n#top .hr.av-31f2ex-6a95d53af0277450628d77b0e81db08a{\nmargin-top:10px;\nmargin-bottom:10px;\n}\n.hr.av-31f2ex-6a95d53af0277450628d77b0e81db08a .hr-inner{\nwidth:50px;\nborder-color:#1d70b8;\n}\n<\/style>\n<div  class='hr av-31f2ex-6a95d53af0277450628d77b0e81db08a hr-custom  avia-builder-el-4  el_after_av_heading  avia-builder-el-last  hr-left hr-icon-no'><span class='hr-inner inner-border-av-border-fat'><span class=\"hr-inner-style\"><\/span><\/span><\/div><\/p><\/div>\n<style type=\"text\/css\" data-created_by=\"avia_inline_auto\" id=\"style-css-av-kbe34x66-6dad3d51475f7cf0b9fd79f48480be02\">\n#top .av-special-heading.av-kbe34x66-6dad3d51475f7cf0b9fd79f48480be02{\nmargin:10px 10px 10px 0;\npadding-bottom:10px;\nfont-size:24px;\n}\nbody .av-special-heading.av-kbe34x66-6dad3d51475f7cf0b9fd79f48480be02 .av-special-heading-tag .heading-char{\nfont-size:25px;\n}\n#top #wrap_all .av-special-heading.av-kbe34x66-6dad3d51475f7cf0b9fd79f48480be02 .av-special-heading-tag{\nfont-size:24px;\n}\n.av-special-heading.av-kbe34x66-6dad3d51475f7cf0b9fd79f48480be02 .av-subheading{\nfont-size:15px;\n}\n\n@media only screen and (min-width: 480px) and (max-width: 767px){ \n#top #wrap_all .av-special-heading.av-kbe34x66-6dad3d51475f7cf0b9fd79f48480be02 .av-special-heading-tag{\nfont-size:0.8em;\n}\n}\n\n@media only screen and (max-width: 479px){ \n#top #wrap_all .av-special-heading.av-kbe34x66-6dad3d51475f7cf0b9fd79f48480be02 .av-special-heading-tag{\nfont-size:0.8em;\n}\n}\n<\/style>\n<div  class='av-special-heading av-kbe34x66-6dad3d51475f7cf0b9fd79f48480be02 av-special-heading-h5 blockquote modern-quote  avia-builder-el-5  el_after_av_one_full  el_before_av_one_half  av-inherit-size av-linked-heading'><h5 class='av-special-heading-tag'  itemprop=\"headline\"  >Wir machen Ihre Pumpen wieder fit!<\/h5><div class=\"special-heading-border\"><div class=\"special-heading-inner-border\"><\/div><\/div><\/div><\/p>\n\n<style type=\"text\/css\" data-created_by=\"avia_inline_auto\" id=\"style-css-av-2ttroh-8fe6f10320613f701dc6f193473cf0f5\">\n#top .flex_column.av-2ttroh-8fe6f10320613f701dc6f193473cf0f5{\nmargin-top:0px;\nmargin-bottom:0px;\n}\n.flex_column.av-2ttroh-8fe6f10320613f701dc6f193473cf0f5{\nborder-radius:0px 0px 0px 0px;\npadding:0px 0px 0px 0px;\n}\n.responsive #top #wrap_all .flex_column.av-2ttroh-8fe6f10320613f701dc6f193473cf0f5{\nmargin-top:0px;\nmargin-bottom:0px;\n}\n<\/style>\n<div  class='flex_column av-2ttroh-8fe6f10320613f701dc6f193473cf0f5 av_one_half  avia-builder-el-6  el_after_av_heading  el_before_av_one_half  first flex_column_div av-animated-generic bottom-to-top av-zero-column-padding  '     ><style type=\"text\/css\" data-created_by=\"avia_inline_auto\" id=\"style-css-av-2stz3l-f79e511e4405fe527c96005a3b07b59a\">\n#top .av_textblock_section.av-2stz3l-f79e511e4405fe527c96005a3b07b59a .avia_textblock{\ncolor:#000000;\n}\n<\/style>\n<section  class='av_textblock_section av-2stz3l-f79e511e4405fe527c96005a3b07b59a '   itemscope=\"itemscope\" itemtype=\"https:\/\/schema.org\/CreativeWork\" ><div class='avia_textblock av_inherit_color'  itemprop=\"text\" ><p>Der Pumpenservice der BPK Brunnen- und Pumpen Service GmbH.<\/p>\n<p>Unser Leistungsspektrum ist darauf ausgerichtet, Ihre technischen Pumpen-Anlagen immer einsatzbereit zu halten und umfasst folgende Leistungsbereiche:<\/p>\n<p><strong>Monteurleistungen:<\/strong><\/p>\n<p>Unsere erfahrenen Facharbeiter verf\u00fcgen \u00fcber ein Fach Know-how um Ihre Anlagen mit dem \u201eHerzst\u00fcck Pumpe\u201c \u00fcber den gesamten Lebenszyklus zu betreuen. Nur dadurch sind wir in der Lage, ohne Einschr\u00e4nkungen der technischen Leistungsf\u00e4higkeit, die Betriebs- und Investitionskosten Ihrer Anlagen fortlaufend zu optimieren. Unsere Monteure f\u00fchren Montagen und Wartungen vor Ort oder in unserer Werkhalle aus. Durch eine sachgerechte Montage stellen wir sicher, dass \u00fcberfl\u00fcssige Qualit\u00e4ts-, Verschlei\u00df- und Energiekosten ihrer Anlagen vermieden werden. Dazu f\u00fchren wir bei der Inbetriebnahme standardm\u00e4\u00dfig hydraulische Messungen durch und nehmen die erforderlichen Feineinstellungen der Regelungen vor. Eine systematische und fachgerechte Wartung ist eine wesentliche Voraussetzung f\u00fcr eine hohe Zuverl\u00e4ssigkeit und lange Lebensdauer. Dabei folgen wir stets den Grunds\u00e4tzen einer vorausschauenden Wartung. Das hei\u00dft, f\u00fcr jede Anlage erstellen wir individuelle Wartungspl\u00e4ne und \u2013zyklen, denn jede Anlage ist je nach Einsatzzweck und Betriebszeiten einzigartig. Neben herstellerspezifischen Vorgaben werden alle Anlagen von uns grunds\u00e4tzlich funktionserhaltend gereinigt, Schmierstoffe sowie Verschlei\u00dfteile und Dichtungen gepr\u00fcft. Dar\u00fcber hinaus nehmen wir anhand vordefinierter Messwerte einen Abgleich zwischen den aktuellen Ist-Werten und den Soll-Zust\u00e4nden vor.<\/p>\n<\/div><\/section><\/div>\n<style type=\"text\/css\" data-created_by=\"avia_inline_auto\" id=\"style-css-av-2k1mzd-cbfce06d9faa1aec0512237af3183f4d\">\n#top .flex_column.av-2k1mzd-cbfce06d9faa1aec0512237af3183f4d{\nmargin-top:0px;\nmargin-bottom:0px;\n}\n.flex_column.av-2k1mzd-cbfce06d9faa1aec0512237af3183f4d{\nborder-radius:0px 0px 0px 0px;\npadding:0px 0px 0px 0px;\n}\n.responsive #top #wrap_all .flex_column.av-2k1mzd-cbfce06d9faa1aec0512237af3183f4d{\nmargin-top:0px;\nmargin-bottom:0px;\n}\n<\/style>\n<div  class='flex_column av-2k1mzd-cbfce06d9faa1aec0512237af3183f4d av_one_half  avia-builder-el-8  el_after_av_one_half  el_before_av_one_full  flex_column_div av-animated-generic bottom-to-top av-zero-column-padding  '     ><style type=\"text\/css\" data-created_by=\"avia_inline_auto\" id=\"style-css-av-2stz3l-f79e511e4405fe527c96005a3b07b59a\">\n#top .av_textblock_section.av-2stz3l-f79e511e4405fe527c96005a3b07b59a .avia_textblock{\ncolor:#000000;\n}\n<\/style>\n<section  class='av_textblock_section av-2stz3l-f79e511e4405fe527c96005a3b07b59a '   itemscope=\"itemscope\" itemtype=\"https:\/\/schema.org\/CreativeWork\" ><div class='avia_textblock av_inherit_color'  itemprop=\"text\" ><p><strong>Ingenieurleistungen:<\/strong><b><br \/>\n<\/b>Unsere Ingenieure und Brunnenbaumeister unterst\u00fctzen mit Ihrem Know-how in der planm\u00e4\u00dfigen vorbeugenden Instandhaltung\u00a0 sowie der Pumpendiagnose die Arbeiten vor Ort. Durch fundierte standardisierte Diagnose und Auswertungsverfahren. Damit stellen wir sicher, dass Ausfallzeiten und Instandhaltungskosten Ihrer Anlagen auf ein Minimum reduziert werden. Wir planen und beraten Sie dar\u00fcber hinaus gern zur Leistungsf\u00e4higkeit Ihrer Anlagen und energetischen Optimierung.<\/p>\n<p><strong>Reparaturleistungen:<\/strong><b><br \/>\n<\/b>Defekte Brunnenpumpen werden von unseren Technikern in unserem St\u00fctzpunkt repariert und gewartet. Auch die Lieferung neuer Pumpen und Ersatzteile wird von uns durchgef\u00fchrt.<\/p>\n<p><div id=\"attachment_1207\" style=\"width: 235px\" class=\"wp-caption alignnone\"><img loading=\"lazy\" decoding=\"async\" aria-describedby=\"caption-attachment-1207\" class=\"size-medium wp-image-1207\" src=\"https:\/\/www.vintage-classics.de\/wp-content\/uploads\/2021\/05\/Pumpeneinbau-1-225x300.jpg\" alt=\"\" width=\"225\" height=\"300\" srcset=\"https:\/\/www.vintage-classics.de\/wp-content\/uploads\/2021\/05\/Pumpeneinbau-1-225x300.jpg 225w, https:\/\/www.vintage-classics.de\/wp-content\/uploads\/2021\/05\/Pumpeneinbau-1-773x1030.jpg 773w, https:\/\/www.vintage-classics.de\/wp-content\/uploads\/2021\/05\/Pumpeneinbau-1-768x1024.jpg 768w, https:\/\/www.vintage-classics.de\/wp-content\/uploads\/2021\/05\/Pumpeneinbau-1-1152x1536.jpg 1152w, https:\/\/www.vintage-classics.de\/wp-content\/uploads\/2021\/05\/Pumpeneinbau-1-1125x1500.jpg 1125w, https:\/\/www.vintage-classics.de\/wp-content\/uploads\/2021\/05\/Pumpeneinbau-1-529x705.jpg 529w, https:\/\/www.vintage-classics.de\/wp-content\/uploads\/2021\/05\/Pumpeneinbau-1.jpg 1536w\" sizes=\"(max-width: 225px) 100vw, 225px\" \/><p id=\"caption-attachment-1207\" class=\"wp-caption-text\">\u00dcberpr\u00fcfung Pumpe am L\u00f6schwasserbrunnen<\/p><\/div><br \/>\n<div id=\"attachment_1057\" style=\"width: 235px\" class=\"wp-caption alignnone\"><img loading=\"lazy\" decoding=\"async\" aria-describedby=\"caption-attachment-1057\" class=\"size-medium wp-image-1057\" src=\"https:\/\/www.vintage-classics.de\/wp-content\/uploads\/2021\/05\/183146069_156656079730371_7856349628924457049_n-225x300.jpg\" alt=\"Brunnenpumpe\" width=\"225\" height=\"300\" srcset=\"https:\/\/www.vintage-classics.de\/wp-content\/uploads\/2021\/05\/183146069_156656079730371_7856349628924457049_n-225x300.jpg 225w, https:\/\/www.vintage-classics.de\/wp-content\/uploads\/2021\/05\/183146069_156656079730371_7856349628924457049_n-773x1030.jpg 773w, https:\/\/www.vintage-classics.de\/wp-content\/uploads\/2021\/05\/183146069_156656079730371_7856349628924457049_n-768x1024.jpg 768w, https:\/\/www.vintage-classics.de\/wp-content\/uploads\/2021\/05\/183146069_156656079730371_7856349628924457049_n-1152x1536.jpg 1152w, https:\/\/www.vintage-classics.de\/wp-content\/uploads\/2021\/05\/183146069_156656079730371_7856349628924457049_n-1125x1500.jpg 1125w, https:\/\/www.vintage-classics.de\/wp-content\/uploads\/2021\/05\/183146069_156656079730371_7856349628924457049_n-529x705.jpg 529w, https:\/\/www.vintage-classics.de\/wp-content\/uploads\/2021\/05\/183146069_156656079730371_7856349628924457049_n.jpg 1200w\" sizes=\"(max-width: 225px) 100vw, 225px\" \/><p id=\"caption-attachment-1057\" class=\"wp-caption-text\">Brunnenpumpe<\/p><\/div><br \/>\n<div id=\"attachment_1132\" style=\"width: 310px\" class=\"wp-caption alignnone\"><img loading=\"lazy\" decoding=\"async\" aria-describedby=\"caption-attachment-1132\" class=\"size-medium wp-image-1132\" src=\"https:\/\/www.vintage-classics.de\/wp-content\/uploads\/2021\/05\/Pumpenmontage-300x225.jpg\" alt=\"\" width=\"300\" height=\"225\" srcset=\"https:\/\/www.vintage-classics.de\/wp-content\/uploads\/2021\/05\/Pumpenmontage-300x225.jpg 300w, https:\/\/www.vintage-classics.de\/wp-content\/uploads\/2021\/05\/Pumpenmontage-1030x773.jpg 1030w, https:\/\/www.vintage-classics.de\/wp-content\/uploads\/2021\/05\/Pumpenmontage-768x576.jpg 768w, https:\/\/www.vintage-classics.de\/wp-content\/uploads\/2021\/05\/Pumpenmontage-1536x1152.jpg 1536w, https:\/\/www.vintage-classics.de\/wp-content\/uploads\/2021\/05\/Pumpenmontage-1500x1125.jpg 1500w, https:\/\/www.vintage-classics.de\/wp-content\/uploads\/2021\/05\/Pumpenmontage-705x529.jpg 705w, https:\/\/www.vintage-classics.de\/wp-content\/uploads\/2021\/05\/Pumpenmontage.jpg 2048w\" sizes=\"(max-width: 300px) 100vw, 300px\" \/><p id=\"caption-attachment-1132\" class=\"wp-caption-text\">Pumpenmontage<\/p><\/div><\/p>\n<p><img loading=\"lazy\" decoding=\"async\" class=\"alignnone size-medium wp-image-1273\" src=\"https:\/\/www.vintage-classics.de\/wp-content\/uploads\/2021\/05\/Pumpe-vor-Saeurebad-146x300.jpg\" alt=\"\" width=\"146\" height=\"300\" srcset=\"https:\/\/www.vintage-classics.de\/wp-content\/uploads\/2021\/05\/Pumpe-vor-Saeurebad-146x300.jpg 146w, https:\/\/www.vintage-classics.de\/wp-content\/uploads\/2021\/05\/Pumpe-vor-Saeurebad-500x1030.jpg 500w, https:\/\/www.vintage-classics.de\/wp-content\/uploads\/2021\/05\/Pumpe-vor-Saeurebad-768x1581.jpg 768w, https:\/\/www.vintage-classics.de\/wp-content\/uploads\/2021\/05\/Pumpe-vor-Saeurebad-746x1536.jpg 746w, https:\/\/www.vintage-classics.de\/wp-content\/uploads\/2021\/05\/Pumpe-vor-Saeurebad-728x1500.jpg 728w, https:\/\/www.vintage-classics.de\/wp-content\/uploads\/2021\/05\/Pumpe-vor-Saeurebad-342x705.jpg 342w, https:\/\/www.vintage-classics.de\/wp-content\/uploads\/2021\/05\/Pumpe-vor-Saeurebad.jpg 777w\" sizes=\"(max-width: 146px) 100vw, 146px\" \/> <img loading=\"lazy\" decoding=\"async\" class=\"alignnone size-medium wp-image-1272\" src=\"https:\/\/www.vintage-classics.de\/wp-content\/uploads\/2021\/05\/Pumpe-nach-Saeurebad-169x300.jpg\" alt=\"\" width=\"169\" height=\"300\" srcset=\"https:\/\/www.vintage-classics.de\/wp-content\/uploads\/2021\/05\/Pumpe-nach-Saeurebad-169x300.jpg 169w, https:\/\/www.vintage-classics.de\/wp-content\/uploads\/2021\/05\/Pumpe-nach-Saeurebad-579x1030.jpg 579w, https:\/\/www.vintage-classics.de\/wp-content\/uploads\/2021\/05\/Pumpe-nach-Saeurebad-768x1365.jpg 768w, https:\/\/www.vintage-classics.de\/wp-content\/uploads\/2021\/05\/Pumpe-nach-Saeurebad-864x1536.jpg 864w, https:\/\/www.vintage-classics.de\/wp-content\/uploads\/2021\/05\/Pumpe-nach-Saeurebad-844x1500.jpg 844w, https:\/\/www.vintage-classics.de\/wp-content\/uploads\/2021\/05\/Pumpe-nach-Saeurebad-397x705.jpg 397w, https:\/\/www.vintage-classics.de\/wp-content\/uploads\/2021\/05\/Pumpe-nach-Saeurebad.jpg 900w\" sizes=\"(max-width: 169px) 100vw, 169px\" \/><\/p>\n<p>Brunnenpumpe vor und nach chemischer Reinigung<\/p>\n<\/div><\/section><\/div><\/p>\n\n<style type=\"text\/css\" data-created_by=\"avia_inline_auto\" id=\"style-css-av-29t5jt-e286507338b291cc10156be88f77e023\">\n.flex_column.av-29t5jt-e286507338b291cc10156be88f77e023{\nborder-radius:0px 0px 0px 0px;\npadding:0px 0px 0px 0px;\n}\n<\/style>\n<div  class='flex_column av-29t5jt-e286507338b291cc10156be88f77e023 av_one_full  avia-builder-el-10  el_after_av_one_half  avia-builder-el-last  first flex_column_div av-animated-generic bottom-to-top av-zero-column-padding  column-top-margin'     ><\/div>\n","protected":false},"excerpt":{"rendered":"","protected":false},"author":1,"featured_media":0,"parent":25,"menu_order":4,"comment_status":"closed","ping_status":"closed","template":"","meta":{"footnotes":""},"yoast_head":"<!-- This site is optimized with the Yoast SEO Premium plugin v19.1 (Yoast SEO v22.1) - https:\/\/yoast.com\/wordpress\/plugins\/seo\/ -->\n<title>Pumpenservice - Brunnen und Pumpen Service<\/title>\n<meta name=\"description\" content=\"Pumpenservice mit Wartung, \u00dcberpr\u00fcfung, Reparatur und Instandhaltung von Unterwassermotorpumpen, Brunnenpumpen, Kreiselpumpen.\" \/>\n<meta name=\"robots\" content=\"index, follow, max-snippet:-1, max-image-preview:large, max-video-preview:-1\" \/>\n<link rel=\"canonical\" href=\"https:\/\/www.vintage-classics.de\/?page_id=369\" \/>\n<meta property=\"og:locale\" content=\"de_DE\" \/>\n<meta property=\"og:type\" content=\"article\" \/>\n<meta property=\"og:title\" content=\"Pumpenservice\" \/>\n<meta property=\"og:description\" content=\"Pumpenservice mit Wartung, \u00dcberpr\u00fcfung, Reparatur und Instandhaltung von Unterwassermotorpumpen, Brunnenpumpen, Kreiselpumpen.\" \/>\n<meta property=\"og:url\" content=\"https:\/\/www.vintage-classics.de\/?page_id=369\" \/>\n<meta property=\"og:site_name\" content=\"Brunnen und Pumpen Service\" \/>\n<meta property=\"article:modified_time\" content=\"2021-05-23T11:31:28+00:00\" \/>\n<meta property=\"og:image\" content=\"https:\/\/www.vintage-classics.de\/wp-content\/uploads\/2021\/05\/Pumpeneinbau-1-225x300.jpg\" \/>\n<meta name=\"twitter:card\" content=\"summary_large_image\" \/>\n<meta name=\"twitter:label1\" content=\"Gesch\u00e4tzte Lesezeit\" \/>\n\t<meta name=\"twitter:data1\" content=\"4\u00a0Minuten\" \/>\n<script type=\"application\/ld+json\" class=\"yoast-schema-graph\">{\"@context\":\"https:\/\/schema.org\",\"@graph\":[{\"@type\":\"WebPage\",\"@id\":\"https:\/\/www.vintage-classics.de\/?page_id=369\",\"url\":\"https:\/\/www.vintage-classics.de\/?page_id=369\",\"name\":\"Pumpenservice - Brunnen und Pumpen Service\",\"isPartOf\":{\"@id\":\"https:\/\/www.vintage-classics.de\/#website\"},\"datePublished\":\"2019-12-18T11:08:00+00:00\",\"dateModified\":\"2021-05-23T11:31:28+00:00\",\"description\":\"Pumpenservice mit Wartung, \u00dcberpr\u00fcfung, Reparatur und Instandhaltung von Unterwassermotorpumpen, Brunnenpumpen, Kreiselpumpen.\",\"breadcrumb\":{\"@id\":\"https:\/\/www.vintage-classics.de\/?page_id=369#breadcrumb\"},\"inLanguage\":\"de\",\"potentialAction\":[{\"@type\":\"ReadAction\",\"target\":[\"https:\/\/www.vintage-classics.de\/?page_id=369\"]}]},{\"@type\":\"BreadcrumbList\",\"@id\":\"https:\/\/www.vintage-classics.de\/?page_id=369#breadcrumb\",\"itemListElement\":[{\"@type\":\"ListItem\",\"position\":1,\"name\":\"Startseite\",\"item\":\"https:\/\/www.vintage-classics.de\/\"},{\"@type\":\"ListItem\",\"position\":2,\"name\":\"Leistungen\",\"item\":\"https:\/\/www.vintage-classics.de\/?page_id=25\"},{\"@type\":\"ListItem\",\"position\":3,\"name\":\"Pumpenservice\"}]},{\"@type\":\"WebSite\",\"@id\":\"https:\/\/www.vintage-classics.de\/#website\",\"url\":\"https:\/\/www.vintage-classics.de\/\",\"name\":\"Brunnen und Pumpen Service\",\"description\":\"Dienstleister f\u00fcr Brunnenregenerierung, Brunnensanierung, Brunneninspektion, Wartung und Instandhaltung an Brunnenbauwerken\",\"publisher\":{\"@id\":\"https:\/\/www.vintage-classics.de\/#organization\"},\"potentialAction\":[{\"@type\":\"SearchAction\",\"target\":{\"@type\":\"EntryPoint\",\"urlTemplate\":\"https:\/\/www.vintage-classics.de\/?s={search_term_string}\"},\"query-input\":\"required name=search_term_string\"}],\"inLanguage\":\"de\"},{\"@type\":\"Organization\",\"@id\":\"https:\/\/www.vintage-classics.de\/#organization\",\"name\":\"BPK Brunnen & Pumpen Service\",\"url\":\"https:\/\/www.vintage-classics.de\/\",\"logo\":{\"@type\":\"ImageObject\",\"inLanguage\":\"de\",\"@id\":\"https:\/\/www.vintage-classics.de\/#\/schema\/logo\/image\/\",\"url\":\"https:\/\/www.vintage-classics.de\/wp-content\/uploads\/2020\/08\/Logo_BPK_getrennt_rgb.png\",\"contentUrl\":\"https:\/\/www.vintage-classics.de\/wp-content\/uploads\/2020\/08\/Logo_BPK_getrennt_rgb.png\",\"width\":1218,\"height\":368,\"caption\":\"BPK Brunnen & Pumpen Service\"},\"image\":{\"@id\":\"https:\/\/www.vintage-classics.de\/#\/schema\/logo\/image\/\"}}]}<\/script>\n<!-- \/ Yoast SEO Premium plugin. -->","yoast_head_json":{"title":"Pumpenservice - Brunnen und Pumpen Service","description":"Pumpenservice mit Wartung, \u00dcberpr\u00fcfung, Reparatur und Instandhaltung von Unterwassermotorpumpen, Brunnenpumpen, Kreiselpumpen.","robots":{"index":"index","follow":"follow","max-snippet":"max-snippet:-1","max-image-preview":"max-image-preview:large","max-video-preview":"max-video-preview:-1"},"canonical":"https:\/\/www.vintage-classics.de\/?page_id=369","og_locale":"de_DE","og_type":"article","og_title":"Pumpenservice","og_description":"Pumpenservice mit Wartung, \u00dcberpr\u00fcfung, Reparatur und Instandhaltung von Unterwassermotorpumpen, Brunnenpumpen, Kreiselpumpen.","og_url":"https:\/\/www.vintage-classics.de\/?page_id=369","og_site_name":"Brunnen und Pumpen Service","article_modified_time":"2021-05-23T11:31:28+00:00","og_image":[{"url":"https:\/\/www.vintage-classics.de\/wp-content\/uploads\/2021\/05\/Pumpeneinbau-1-225x300.jpg"}],"twitter_card":"summary_large_image","twitter_misc":{"Gesch\u00e4tzte Lesezeit":"4\u00a0Minuten"},"schema":{"@context":"https:\/\/schema.org","@graph":[{"@type":"WebPage","@id":"https:\/\/www.vintage-classics.de\/?page_id=369","url":"https:\/\/www.vintage-classics.de\/?page_id=369","name":"Pumpenservice - Brunnen und Pumpen Service","isPartOf":{"@id":"https:\/\/www.vintage-classics.de\/#website"},"datePublished":"2019-12-18T11:08:00+00:00","dateModified":"2021-05-23T11:31:28+00:00","description":"Pumpenservice mit Wartung, \u00dcberpr\u00fcfung, Reparatur und Instandhaltung von Unterwassermotorpumpen, Brunnenpumpen, Kreiselpumpen.","breadcrumb":{"@id":"https:\/\/www.vintage-classics.de\/?page_id=369#breadcrumb"},"inLanguage":"de","potentialAction":[{"@type":"ReadAction","target":["https:\/\/www.vintage-classics.de\/?page_id=369"]}]},{"@type":"BreadcrumbList","@id":"https:\/\/www.vintage-classics.de\/?page_id=369#breadcrumb","itemListElement":[{"@type":"ListItem","position":1,"name":"Startseite","item":"https:\/\/www.vintage-classics.de\/"},{"@type":"ListItem","position":2,"name":"Leistungen","item":"https:\/\/www.vintage-classics.de\/?page_id=25"},{"@type":"ListItem","position":3,"name":"Pumpenservice"}]},{"@type":"WebSite","@id":"https:\/\/www.vintage-classics.de\/#website","url":"https:\/\/www.vintage-classics.de\/","name":"Brunnen und Pumpen Service","description":"Dienstleister f\u00fcr Brunnenregenerierung, Brunnensanierung, Brunneninspektion, Wartung und Instandhaltung an Brunnenbauwerken","publisher":{"@id":"https:\/\/www.vintage-classics.de\/#organization"},"potentialAction":[{"@type":"SearchAction","target":{"@type":"EntryPoint","urlTemplate":"https:\/\/www.vintage-classics.de\/?s={search_term_string}"},"query-input":"required name=search_term_string"}],"inLanguage":"de"},{"@type":"Organization","@id":"https:\/\/www.vintage-classics.de\/#organization","name":"BPK Brunnen & Pumpen Service","url":"https:\/\/www.vintage-classics.de\/","logo":{"@type":"ImageObject","inLanguage":"de","@id":"https:\/\/www.vintage-classics.de\/#\/schema\/logo\/image\/","url":"https:\/\/www.vintage-classics.de\/wp-content\/uploads\/2020\/08\/Logo_BPK_getrennt_rgb.png","contentUrl":"https:\/\/www.vintage-classics.de\/wp-content\/uploads\/2020\/08\/Logo_BPK_getrennt_rgb.png","width":1218,"height":368,"caption":"BPK Brunnen & Pumpen Service"},"image":{"@id":"https:\/\/www.vintage-classics.de\/#\/schema\/logo\/image\/"}}]}},"_links":{"self":[{"href":"https:\/\/www.vintage-classics.de\/index.php?rest_route=\/wp\/v2\/pages\/369"}],"collection":[{"href":"https:\/\/www.vintage-classics.de\/index.php?rest_route=\/wp\/v2\/pages"}],"about":[{"href":"https:\/\/www.vintage-classics.de\/index.php?rest_route=\/wp\/v2\/types\/page"}],"author":[{"embeddable":true,"href":"https:\/\/www.vintage-classics.de\/index.php?rest_route=\/wp\/v2\/users\/1"}],"replies":[{"embeddable":true,"href":"https:\/\/www.vintage-classics.de\/index.php?rest_route=%2Fwp%2Fv2%2Fcomments&post=369"}],"version-history":[{"count":9,"href":"https:\/\/www.vintage-classics.de\/index.php?rest_route=\/wp\/v2\/pages\/369\/revisions"}],"predecessor-version":[{"id":1386,"href":"https:\/\/www.vintage-classics.de\/index.php?rest_route=\/wp\/v2\/pages\/369\/revisions\/1386"}],"up":[{"embeddable":true,"href":"https:\/\/www.vintage-classics.de\/index.php?rest_route=\/wp\/v2\/pages\/25"}],"wp:attachment":[{"href":"https:\/\/www.vintage-classics.de\/index.php?rest_route=%2Fwp%2Fv2%2Fmedia&parent=369"}],"curies":[{"name":"wp","href":"https:\/\/api.w.org\/{rel}","templated":true}]}}