{"id":373,"date":"2019-12-18T12:09:27","date_gmt":"2019-12-18T11:09:27","guid":{"rendered":"https:\/\/www.vintage-classics.de\/cms\/?page_id=373"},"modified":"2020-08-19T19:03:01","modified_gmt":"2020-08-19T17:03:01","slug":"wasserhaltung","status":"publish","type":"page","link":"https:\/\/www.vintage-classics.de\/?page_id=373","title":{"rendered":"Wasserhaltung"},"content":{"rendered":"\n<style type=\"text\/css\" data-created_by=\"avia_inline_auto\" id=\"style-css-av-3fgejl-a273b60cfcd9362e814ed2907e827aeb\">\n#top .flex_column.av-3fgejl-a273b60cfcd9362e814ed2907e827aeb{\nmargin-top:0px;\nmargin-bottom:0px;\n}\n.flex_column.av-3fgejl-a273b60cfcd9362e814ed2907e827aeb{\nborder-radius:0px 0px 0px 0px;\npadding:0px 0px 0px 0px;\n}\n.responsive #top #wrap_all .flex_column.av-3fgejl-a273b60cfcd9362e814ed2907e827aeb{\nmargin-top:0px;\nmargin-bottom:0px;\n}\n<\/style>\n<div  class='flex_column av-3fgejl-a273b60cfcd9362e814ed2907e827aeb av_one_full  avia-builder-el-0  el_before_av_one_full  avia-builder-el-first  first flex_column_div av-animated-generic bottom-to-top av-zero-column-padding  '     ><p>\n<style type=\"text\/css\" data-created_by=\"avia_inline_auto\" id=\"style-css-av-b1yod-d245511eebbd0fcc349d015e823c4e13\">\n#top .av-special-heading.av-b1yod-d245511eebbd0fcc349d015e823c4e13{\npadding-bottom:0;\n}\nbody .av-special-heading.av-b1yod-d245511eebbd0fcc349d015e823c4e13 .av-special-heading-tag .heading-char{\nfont-size:25px;\n}\n.av-special-heading.av-b1yod-d245511eebbd0fcc349d015e823c4e13 .av-subheading{\nfont-size:15px;\n}\n<\/style>\n<div  class='av-special-heading av-b1yod-d245511eebbd0fcc349d015e823c4e13 av-special-heading-h2 blockquote modern-quote  avia-builder-el-1  el_before_av_hr  avia-builder-el-first  av-linked-heading'><h2 class='av-special-heading-tag'  itemprop=\"headline\"  >Wasserhaltung<\/h2><div class=\"special-heading-border\"><div class=\"special-heading-inner-border\"><\/div><\/div><\/div><br \/>\n\n<style type=\"text\/css\" data-created_by=\"avia_inline_auto\" id=\"style-css-av-31f2ex-6a95d53af0277450628d77b0e81db08a\">\n#top .hr.av-31f2ex-6a95d53af0277450628d77b0e81db08a{\nmargin-top:10px;\nmargin-bottom:10px;\n}\n.hr.av-31f2ex-6a95d53af0277450628d77b0e81db08a .hr-inner{\nwidth:50px;\nborder-color:#1d70b8;\n}\n<\/style>\n<div  class='hr av-31f2ex-6a95d53af0277450628d77b0e81db08a hr-custom  avia-builder-el-2  el_after_av_heading  avia-builder-el-last  hr-left hr-icon-no'><span class='hr-inner inner-border-av-border-fat'><span class=\"hr-inner-style\"><\/span><\/span><\/div><\/p><\/div>\n\n<style type=\"text\/css\" data-created_by=\"avia_inline_auto\" id=\"style-css-av-2ttroh-8fe6f10320613f701dc6f193473cf0f5\">\n#top .flex_column.av-2ttroh-8fe6f10320613f701dc6f193473cf0f5{\nmargin-top:0px;\nmargin-bottom:0px;\n}\n.flex_column.av-2ttroh-8fe6f10320613f701dc6f193473cf0f5{\nborder-radius:0px 0px 0px 0px;\npadding:0px 0px 0px 0px;\n}\n.responsive #top #wrap_all .flex_column.av-2ttroh-8fe6f10320613f701dc6f193473cf0f5{\nmargin-top:0px;\nmargin-bottom:0px;\n}\n<\/style>\n<div  class='flex_column av-2ttroh-8fe6f10320613f701dc6f193473cf0f5 av_one_full  avia-builder-el-3  el_after_av_one_full  el_before_av_one_half  first flex_column_div av-animated-generic bottom-to-top av-zero-column-padding  column-top-margin'     ><style type=\"text\/css\" data-created_by=\"avia_inline_auto\" id=\"style-css-av-ke1mojmc-808e541b492a33a3b0ad4949c0b4202a\">\n#top .av-special-heading.av-ke1mojmc-808e541b492a33a3b0ad4949c0b4202a{\nmargin:10px 10px 10px 0;\npadding-bottom:10px;\nfont-size:24px;\n}\nbody .av-special-heading.av-ke1mojmc-808e541b492a33a3b0ad4949c0b4202a .av-special-heading-tag .heading-char{\nfont-size:25px;\n}\n#top #wrap_all .av-special-heading.av-ke1mojmc-808e541b492a33a3b0ad4949c0b4202a .av-special-heading-tag{\nfont-size:24px;\n}\n.av-special-heading.av-ke1mojmc-808e541b492a33a3b0ad4949c0b4202a .av-subheading{\nfont-size:15px;\n}\n\n@media only screen and (min-width: 480px) and (max-width: 767px){ \n#top #wrap_all .av-special-heading.av-ke1mojmc-808e541b492a33a3b0ad4949c0b4202a .av-special-heading-tag{\nfont-size:0.8em;\n}\n}\n\n@media only screen and (max-width: 479px){ \n#top #wrap_all .av-special-heading.av-ke1mojmc-808e541b492a33a3b0ad4949c0b4202a .av-special-heading-tag{\nfont-size:0.8em;\n}\n}\n<\/style>\n<div  class='av-special-heading av-ke1mojmc-808e541b492a33a3b0ad4949c0b4202a av-special-heading-h5 blockquote modern-quote  avia-builder-el-4  avia-builder-el-no-sibling  av-inherit-size av-linked-heading'><h5 class='av-special-heading-tag'  itemprop=\"headline\"  >Unsere langj\u00e4hrige Erfahrung und Kompetenz in gro\u00dfen und kleinen Projekten der Wasserhaltung von Baugruben und U-Bahntunneln kann auch ihnen zur Verf\u00fcgung stehen, damit sie in ihrer Baugrube keine nassen F\u00fc\u00dfe bekommen.<\/h5><div class=\"special-heading-border\"><div class=\"special-heading-inner-border\"><\/div><\/div><\/div><\/div>\n<style type=\"text\/css\" data-created_by=\"avia_inline_auto\" id=\"style-css-av-2ttroh-8fe6f10320613f701dc6f193473cf0f5\">\n#top .flex_column.av-2ttroh-8fe6f10320613f701dc6f193473cf0f5{\nmargin-top:0px;\nmargin-bottom:0px;\n}\n.flex_column.av-2ttroh-8fe6f10320613f701dc6f193473cf0f5{\nborder-radius:0px 0px 0px 0px;\npadding:0px 0px 0px 0px;\n}\n.responsive #top #wrap_all .flex_column.av-2ttroh-8fe6f10320613f701dc6f193473cf0f5{\nmargin-top:0px;\nmargin-bottom:0px;\n}\n<\/style>\n<div  class='flex_column av-2ttroh-8fe6f10320613f701dc6f193473cf0f5 av_one_half  avia-builder-el-5  el_after_av_one_full  el_before_av_one_half  first flex_column_div av-animated-generic bottom-to-top av-zero-column-padding  column-top-margin'     ><style type=\"text\/css\" data-created_by=\"avia_inline_auto\" id=\"style-css-av-2stz3l-55776e039aa19e0d5e1650779c4373be\">\n#top .av_textblock_section.av-2stz3l-55776e039aa19e0d5e1650779c4373be .avia_textblock{\ncolor:#000000;\n}\n<\/style>\n<section  class='av_textblock_section av-2stz3l-55776e039aa19e0d5e1650779c4373be '   itemscope=\"itemscope\" itemtype=\"https:\/\/schema.org\/CreativeWork\" ><div class='avia_textblock av_inherit_color'  itemprop=\"text\" ><p><span style=\"color: #0e71b8;\"><strong>Wir f\u00fchren s\u00e4mtliche Wartungs- &amp; Service Ma\u00dfnahmen und Arbeiten aus, die dazu dienen, die Sohle der Baugrube oder des Tunnels trocken zu halten.<\/strong><\/span><\/p>\n<p>Die jahrelange Erfahrung unserer Brunnenbauermeister erm\u00f6glicht die optimale und fachgerechte Vorbereitung und Umsetzung Ihrer individuellen Leistungsanforderungen. F\u00fcr den Anlagenaufbau planen wir mit moderner CAD-Software.<\/p>\n<p>Bei der Inspektion der Wasserhaltungsanlage wird der Ist-Zustand festgestellt und beurteilt sowie die notwendigen fachlichen Ma\u00dfnahmen im Sinne des Kunden bestimmt. Die kontinuierliche \u00dcberwachung und Wartung dient der fachgerechten Instandsetzung und Reparatur sowie der R\u00fcckf\u00fchrung in den funktionsf\u00e4higen Zustand. Wenn gew\u00fcnscht bieten wir ihnen Wartungsvertr\u00e4ge f\u00fcr eine kontinuierliche \u00dcberwachung und Instandsetzung der Wasserhaltungsanlage an.<\/p>\n<p>Da wir alle Gewerke der Instandhaltung &amp; Wartung selbst durchf\u00fchren, k\u00f6nnen wir alle Anlagenteile der Wasserhaltungsanlage wie z.B. die F\u00f6rder &#8211; &amp; Versickerungsbrunnen mit TV Befahrung, Pumpversuch, Reinigung und Regenerierung sowie Reparatur bearbeiten, sowie die nachgeschalteten Infrastruktur wie z.B. Rohrleitungen, Schieber, Durchfussmesser, Wasseraufbereitungsanlagen, Steueranlagen mit unserem Know How bearbeiten.<\/p>\n<\/div><\/section><\/div>\n<style type=\"text\/css\" data-created_by=\"avia_inline_auto\" id=\"style-css-av-2k1mzd-cbfce06d9faa1aec0512237af3183f4d\">\n#top .flex_column.av-2k1mzd-cbfce06d9faa1aec0512237af3183f4d{\nmargin-top:0px;\nmargin-bottom:0px;\n}\n.flex_column.av-2k1mzd-cbfce06d9faa1aec0512237af3183f4d{\nborder-radius:0px 0px 0px 0px;\npadding:0px 0px 0px 0px;\n}\n.responsive #top #wrap_all .flex_column.av-2k1mzd-cbfce06d9faa1aec0512237af3183f4d{\nmargin-top:0px;\nmargin-bottom:0px;\n}\n<\/style>\n<div  class='flex_column av-2k1mzd-cbfce06d9faa1aec0512237af3183f4d av_one_half  avia-builder-el-7  el_after_av_one_half  avia-builder-el-last  flex_column_div av-animated-generic bottom-to-top av-zero-column-padding  column-top-margin'     ><style type=\"text\/css\" data-created_by=\"avia_inline_auto\" id=\"style-css-av-2stz3l-55776e039aa19e0d5e1650779c4373be\">\n#top .av_textblock_section.av-2stz3l-55776e039aa19e0d5e1650779c4373be .avia_textblock{\ncolor:#000000;\n}\n<\/style>\n<section  class='av_textblock_section av-2stz3l-55776e039aa19e0d5e1650779c4373be '   itemscope=\"itemscope\" itemtype=\"https:\/\/schema.org\/CreativeWork\" ><div class='avia_textblock av_inherit_color'  itemprop=\"text\" ><p>Wir sorgen daf\u00fcr, dass Ihre Anlage in einem voll funktionsf\u00e4higen Zustand bleibt.<\/p>\n<p>Die langj\u00e4hrige Erfahrung bei der Verlegung und Montage von Wasser- &amp; L\u00f6schwasserversorgungs- sowie Druckwasserleitungen aller Art, aus Stahl, Guss, PE und Edelstahl garantieren Ihnen eine auf Ihre W\u00fcnsche zugeschnittene L\u00f6sung.<\/p>\n<p>Bei der Inbetriebnahme von Rohrleitungen steht die Sicherheit an oberster Stelle. Fertiggestellte Rohrleitungen k\u00f6nnen zum Nachweis der Dichtheit und Festigkeit einer Druckpr\u00fcfung unterzogen werden. Grundlage f\u00fcr das Pr\u00fcfverfahren ist das DVGW-Regelwerk.<\/p>\n<p>Die Verlegung von Stahl-, Edelstahl- und Gussleitungen sowie die Zusammenf\u00fchrung von teilweise unterschiedlichen Rohrmaterialien durch die entsprechenden Verbindungselemente geh\u00f6ren zu unseren t\u00e4glichen Aufgaben. Wir fertigen f\u00fcr Sie die Stahl- und Edelstahlrohrleitungen anlagenspezifisch an.<\/p>\n<\/div><\/section><\/div><\/p>\n","protected":false},"excerpt":{"rendered":"","protected":false},"author":1,"featured_media":0,"parent":25,"menu_order":6,"comment_status":"closed","ping_status":"closed","template":"","meta":{"footnotes":""},"yoast_head":"<!-- This site is optimized with the Yoast SEO Premium plugin v19.1 (Yoast SEO v22.1) - https:\/\/yoast.com\/wordpress\/plugins\/seo\/ -->\n<title>Wasserhaltung - Brunnen und Pumpen Service<\/title>\n<meta name=\"robots\" content=\"index, follow, max-snippet:-1, max-image-preview:large, max-video-preview:-1\" \/>\n<link rel=\"canonical\" href=\"https:\/\/www.vintage-classics.de\/?page_id=373\" \/>\n<meta property=\"og:locale\" content=\"de_DE\" \/>\n<meta property=\"og:type\" content=\"article\" \/>\n<meta property=\"og:title\" content=\"Wasserhaltung\" \/>\n<meta property=\"og:url\" content=\"https:\/\/www.vintage-classics.de\/?page_id=373\" \/>\n<meta property=\"og:site_name\" content=\"Brunnen und Pumpen Service\" \/>\n<meta property=\"article:modified_time\" content=\"2020-08-19T17:03:01+00:00\" \/>\n<meta name=\"twitter:card\" content=\"summary_large_image\" \/>\n<meta name=\"twitter:label1\" content=\"Gesch\u00e4tzte Lesezeit\" \/>\n\t<meta name=\"twitter:data1\" content=\"4\u00a0Minuten\" \/>\n<script type=\"application\/ld+json\" class=\"yoast-schema-graph\">{\"@context\":\"https:\/\/schema.org\",\"@graph\":[{\"@type\":\"WebPage\",\"@id\":\"https:\/\/www.vintage-classics.de\/?page_id=373\",\"url\":\"https:\/\/www.vintage-classics.de\/?page_id=373\",\"name\":\"Wasserhaltung - Brunnen und Pumpen Service\",\"isPartOf\":{\"@id\":\"https:\/\/www.vintage-classics.de\/#website\"},\"datePublished\":\"2019-12-18T11:09:27+00:00\",\"dateModified\":\"2020-08-19T17:03:01+00:00\",\"breadcrumb\":{\"@id\":\"https:\/\/www.vintage-classics.de\/?page_id=373#breadcrumb\"},\"inLanguage\":\"de\",\"potentialAction\":[{\"@type\":\"ReadAction\",\"target\":[\"https:\/\/www.vintage-classics.de\/?page_id=373\"]}]},{\"@type\":\"BreadcrumbList\",\"@id\":\"https:\/\/www.vintage-classics.de\/?page_id=373#breadcrumb\",\"itemListElement\":[{\"@type\":\"ListItem\",\"position\":1,\"name\":\"Startseite\",\"item\":\"https:\/\/www.vintage-classics.de\/\"},{\"@type\":\"ListItem\",\"position\":2,\"name\":\"Leistungen\",\"item\":\"https:\/\/www.vintage-classics.de\/?page_id=25\"},{\"@type\":\"ListItem\",\"position\":3,\"name\":\"Wasserhaltung\"}]},{\"@type\":\"WebSite\",\"@id\":\"https:\/\/www.vintage-classics.de\/#website\",\"url\":\"https:\/\/www.vintage-classics.de\/\",\"name\":\"Brunnen und Pumpen Service\",\"description\":\"Dienstleister f\u00fcr Brunnenregenerierung, Brunnensanierung, Brunneninspektion, Wartung und Instandhaltung an Brunnenbauwerken\",\"publisher\":{\"@id\":\"https:\/\/www.vintage-classics.de\/#organization\"},\"potentialAction\":[{\"@type\":\"SearchAction\",\"target\":{\"@type\":\"EntryPoint\",\"urlTemplate\":\"https:\/\/www.vintage-classics.de\/?s={search_term_string}\"},\"query-input\":\"required name=search_term_string\"}],\"inLanguage\":\"de\"},{\"@type\":\"Organization\",\"@id\":\"https:\/\/www.vintage-classics.de\/#organization\",\"name\":\"BPK Brunnen & Pumpen Service\",\"url\":\"https:\/\/www.vintage-classics.de\/\",\"logo\":{\"@type\":\"ImageObject\",\"inLanguage\":\"de\",\"@id\":\"https:\/\/www.vintage-classics.de\/#\/schema\/logo\/image\/\",\"url\":\"https:\/\/www.vintage-classics.de\/wp-content\/uploads\/2020\/08\/Logo_BPK_getrennt_rgb.png\",\"contentUrl\":\"https:\/\/www.vintage-classics.de\/wp-content\/uploads\/2020\/08\/Logo_BPK_getrennt_rgb.png\",\"width\":1218,\"height\":368,\"caption\":\"BPK Brunnen & Pumpen Service\"},\"image\":{\"@id\":\"https:\/\/www.vintage-classics.de\/#\/schema\/logo\/image\/\"}}]}<\/script>\n<!-- \/ Yoast SEO Premium plugin. -->","yoast_head_json":{"title":"Wasserhaltung - Brunnen und Pumpen Service","robots":{"index":"index","follow":"follow","max-snippet":"max-snippet:-1","max-image-preview":"max-image-preview:large","max-video-preview":"max-video-preview:-1"},"canonical":"https:\/\/www.vintage-classics.de\/?page_id=373","og_locale":"de_DE","og_type":"article","og_title":"Wasserhaltung","og_url":"https:\/\/www.vintage-classics.de\/?page_id=373","og_site_name":"Brunnen und Pumpen Service","article_modified_time":"2020-08-19T17:03:01+00:00","twitter_card":"summary_large_image","twitter_misc":{"Gesch\u00e4tzte Lesezeit":"4\u00a0Minuten"},"schema":{"@context":"https:\/\/schema.org","@graph":[{"@type":"WebPage","@id":"https:\/\/www.vintage-classics.de\/?page_id=373","url":"https:\/\/www.vintage-classics.de\/?page_id=373","name":"Wasserhaltung - Brunnen und Pumpen Service","isPartOf":{"@id":"https:\/\/www.vintage-classics.de\/#website"},"datePublished":"2019-12-18T11:09:27+00:00","dateModified":"2020-08-19T17:03:01+00:00","breadcrumb":{"@id":"https:\/\/www.vintage-classics.de\/?page_id=373#breadcrumb"},"inLanguage":"de","potentialAction":[{"@type":"ReadAction","target":["https:\/\/www.vintage-classics.de\/?page_id=373"]}]},{"@type":"BreadcrumbList","@id":"https:\/\/www.vintage-classics.de\/?page_id=373#breadcrumb","itemListElement":[{"@type":"ListItem","position":1,"name":"Startseite","item":"https:\/\/www.vintage-classics.de\/"},{"@type":"ListItem","position":2,"name":"Leistungen","item":"https:\/\/www.vintage-classics.de\/?page_id=25"},{"@type":"ListItem","position":3,"name":"Wasserhaltung"}]},{"@type":"WebSite","@id":"https:\/\/www.vintage-classics.de\/#website","url":"https:\/\/www.vintage-classics.de\/","name":"Brunnen und Pumpen Service","description":"Dienstleister f\u00fcr Brunnenregenerierung, Brunnensanierung, Brunneninspektion, Wartung und Instandhaltung an Brunnenbauwerken","publisher":{"@id":"https:\/\/www.vintage-classics.de\/#organization"},"potentialAction":[{"@type":"SearchAction","target":{"@type":"EntryPoint","urlTemplate":"https:\/\/www.vintage-classics.de\/?s={search_term_string}"},"query-input":"required name=search_term_string"}],"inLanguage":"de"},{"@type":"Organization","@id":"https:\/\/www.vintage-classics.de\/#organization","name":"BPK Brunnen & Pumpen Service","url":"https:\/\/www.vintage-classics.de\/","logo":{"@type":"ImageObject","inLanguage":"de","@id":"https:\/\/www.vintage-classics.de\/#\/schema\/logo\/image\/","url":"https:\/\/www.vintage-classics.de\/wp-content\/uploads\/2020\/08\/Logo_BPK_getrennt_rgb.png","contentUrl":"https:\/\/www.vintage-classics.de\/wp-content\/uploads\/2020\/08\/Logo_BPK_getrennt_rgb.png","width":1218,"height":368,"caption":"BPK Brunnen & Pumpen Service"},"image":{"@id":"https:\/\/www.vintage-classics.de\/#\/schema\/logo\/image\/"}}]}},"_links":{"self":[{"href":"https:\/\/www.vintage-classics.de\/index.php?rest_route=\/wp\/v2\/pages\/373"}],"collection":[{"href":"https:\/\/www.vintage-classics.de\/index.php?rest_route=\/wp\/v2\/pages"}],"about":[{"href":"https:\/\/www.vintage-classics.de\/index.php?rest_route=\/wp\/v2\/types\/page"}],"author":[{"embeddable":true,"href":"https:\/\/www.vintage-classics.de\/index.php?rest_route=\/wp\/v2\/users\/1"}],"replies":[{"embeddable":true,"href":"https:\/\/www.vintage-classics.de\/index.php?rest_route=%2Fwp%2Fv2%2Fcomments&post=373"}],"version-history":[{"count":6,"href":"https:\/\/www.vintage-classics.de\/index.php?rest_route=\/wp\/v2\/pages\/373\/revisions"}],"predecessor-version":[{"id":906,"href":"https:\/\/www.vintage-classics.de\/index.php?rest_route=\/wp\/v2\/pages\/373\/revisions\/906"}],"up":[{"embeddable":true,"href":"https:\/\/www.vintage-classics.de\/index.php?rest_route=\/wp\/v2\/pages\/25"}],"wp:attachment":[{"href":"https:\/\/www.vintage-classics.de\/index.php?rest_route=%2Fwp%2Fv2%2Fmedia&parent=373"}],"curies":[{"name":"wp","href":"https:\/\/api.w.org\/{rel}","templated":true}]}}