{"id":377,"date":"2019-12-18T12:10:41","date_gmt":"2019-12-18T11:10:41","guid":{"rendered":"https:\/\/www.vintage-classics.de\/cms\/?page_id=377"},"modified":"2021-05-30T13:30:26","modified_gmt":"2021-05-30T11:30:26","slug":"pumpversuch-dvgw-w111","status":"publish","type":"page","link":"https:\/\/www.vintage-classics.de\/?page_id=377","title":{"rendered":"Pumpversuch"},"content":{"rendered":"\n<style type=\"text\/css\" data-created_by=\"avia_inline_auto\" id=\"style-css-av-kbdzvrlx-98a65f0972789f1d452ffa1665ceff85\">\n.avia-image-container.av-kbdzvrlx-98a65f0972789f1d452ffa1665ceff85 img.avia_image{\nbox-shadow:none;\n}\n.avia-image-container.av-kbdzvrlx-98a65f0972789f1d452ffa1665ceff85 .av-image-caption-overlay-center{\ncolor:#ffffff;\n}\n<\/style>\n<div  class='avia-image-container av-kbdzvrlx-98a65f0972789f1d452ffa1665ceff85 av-styling- avia-align-center  avia-builder-el-0  el_before_av_hr  avia-builder-el-first '   itemprop=\"image\" itemscope=\"itemscope\" itemtype=\"https:\/\/schema.org\/ImageObject\" ><div class=\"avia-image-container-inner\"><div class=\"avia-image-overlay-wrap\"><img decoding=\"async\" fetchpriority=\"high\" class='wp-image-625 avia-img-lazy-loading-not-625 avia_image ' src=\"https:\/\/www.vintage-classics.de\/wp-content\/uploads\/2020\/05\/AdobeStock_219747651-1500x430.jpeg\" alt='' title=''  height=\"430\" width=\"1500\"  itemprop=\"thumbnailUrl\"  \/><\/div><\/div><\/div>\n\n<style type=\"text\/css\" data-created_by=\"avia_inline_auto\" id=\"style-css-av-k5dzm5cb-8bf7f86634ad691bf0bcd029bff36a8f\">\n#top .hr.hr-invisible.av-k5dzm5cb-8bf7f86634ad691bf0bcd029bff36a8f{\nheight:40px;\n}\n<\/style>\n<div  class='hr av-k5dzm5cb-8bf7f86634ad691bf0bcd029bff36a8f hr-invisible  avia-builder-el-1  el_after_av_image  el_before_av_one_full '><span class='hr-inner '><span class=\"hr-inner-style\"><\/span><\/span><\/div>\n\n<style type=\"text\/css\" data-created_by=\"avia_inline_auto\" id=\"style-css-av-3fgejl-a273b60cfcd9362e814ed2907e827aeb\">\n#top .flex_column.av-3fgejl-a273b60cfcd9362e814ed2907e827aeb{\nmargin-top:0px;\nmargin-bottom:0px;\n}\n.flex_column.av-3fgejl-a273b60cfcd9362e814ed2907e827aeb{\nborder-radius:0px 0px 0px 0px;\npadding:0px 0px 0px 0px;\n}\n.responsive #top #wrap_all .flex_column.av-3fgejl-a273b60cfcd9362e814ed2907e827aeb{\nmargin-top:0px;\nmargin-bottom:0px;\n}\n<\/style>\n<div  class='flex_column av-3fgejl-a273b60cfcd9362e814ed2907e827aeb av_one_full  avia-builder-el-2  el_after_av_hr  el_before_av_one_full  first flex_column_div av-animated-generic bottom-to-top av-zero-column-padding  '     ><p>\n<style type=\"text\/css\" data-created_by=\"avia_inline_auto\" id=\"style-css-av-9vbyh-b69a7a10724379137db27938c110dba2\">\n#top .av-special-heading.av-9vbyh-b69a7a10724379137db27938c110dba2{\npadding-bottom:0;\n}\nbody .av-special-heading.av-9vbyh-b69a7a10724379137db27938c110dba2 .av-special-heading-tag .heading-char{\nfont-size:25px;\n}\n.av-special-heading.av-9vbyh-b69a7a10724379137db27938c110dba2 .av-subheading{\nfont-size:15px;\n}\n<\/style>\n<div  class='av-special-heading av-9vbyh-b69a7a10724379137db27938c110dba2 av-special-heading-h2 blockquote modern-quote  avia-builder-el-3  el_before_av_hr  avia-builder-el-first  av-linked-heading'><h2 class='av-special-heading-tag'  itemprop=\"headline\"  >Pumpversuch gem\u00e4\u00df DVGW Arbeitsblatt W111<\/h2><div class=\"special-heading-border\"><div class=\"special-heading-inner-border\"><\/div><\/div><\/div><br \/>\n\n<style type=\"text\/css\" data-created_by=\"avia_inline_auto\" id=\"style-css-av-31f2ex-6a95d53af0277450628d77b0e81db08a\">\n#top .hr.av-31f2ex-6a95d53af0277450628d77b0e81db08a{\nmargin-top:10px;\nmargin-bottom:10px;\n}\n.hr.av-31f2ex-6a95d53af0277450628d77b0e81db08a .hr-inner{\nwidth:50px;\nborder-color:#1d70b8;\n}\n<\/style>\n<div  class='hr av-31f2ex-6a95d53af0277450628d77b0e81db08a hr-custom  avia-builder-el-4  el_after_av_heading  avia-builder-el-last  hr-left hr-icon-no'><span class='hr-inner inner-border-av-border-fat'><span class=\"hr-inner-style\"><\/span><\/span><\/div><\/p><\/div>\n<style type=\"text\/css\" data-created_by=\"avia_inline_auto\" id=\"style-css-av-2ttroh-8fe6f10320613f701dc6f193473cf0f5\">\n#top .flex_column.av-2ttroh-8fe6f10320613f701dc6f193473cf0f5{\nmargin-top:0px;\nmargin-bottom:0px;\n}\n.flex_column.av-2ttroh-8fe6f10320613f701dc6f193473cf0f5{\nborder-radius:0px 0px 0px 0px;\npadding:0px 0px 0px 0px;\n}\n.responsive #top #wrap_all .flex_column.av-2ttroh-8fe6f10320613f701dc6f193473cf0f5{\nmargin-top:0px;\nmargin-bottom:0px;\n}\n<\/style>\n<div  class='flex_column av-2ttroh-8fe6f10320613f701dc6f193473cf0f5 av_one_full  avia-builder-el-5  el_after_av_one_full  el_before_av_one_full  first flex_column_div av-animated-generic bottom-to-top av-zero-column-padding  column-top-margin'     ><style type=\"text\/css\" data-created_by=\"avia_inline_auto\" id=\"style-css-av-2stz3l-f79e511e4405fe527c96005a3b07b59a\">\n#top .av_textblock_section.av-2stz3l-f79e511e4405fe527c96005a3b07b59a .avia_textblock{\ncolor:#000000;\n}\n<\/style>\n<section  class='av_textblock_section av-2stz3l-f79e511e4405fe527c96005a3b07b59a '   itemscope=\"itemscope\" itemtype=\"https:\/\/schema.org\/CreativeWork\" ><div class='avia_textblock av_inherit_color'  itemprop=\"text\" ><p><span style=\"color: #1d70b8;\"><strong>Pumpversuch gem\u00e4\u00df DVGW Arbeitsblatt W111<\/strong><\/span><\/p>\n<p><span style=\"color: #1d70b8;\"><strong> Die hydraulische Leistungsf\u00e4higkeit eines Brunnens l\u00e4sst sich durch qualifizierte Pumpversuche feststellen. Im Vergleich mit Altmessungen oder durch Vergleich von Messungen vor und nach Regenerierma\u00dfnahmen k\u00f6nnen Ver\u00e4nderungen und Regeneriererfolge optimal nachgewiesen werden.<\/strong><\/span><\/p>\n<p>Pumpversuche werden durchgef\u00fchrt, um aus den \u00c4nderungen der Wasserst\u00e4nde in den Messstellen sowie der Beschaffenheit und Temperatur des gef\u00f6rderten Wassers geohydraulische und betriebstechnische Informationen zu gewinnen. Pumpversuche werden entsprechend ihrer Zielsetzung untergliedert in:<\/p>\n<ul>\n<li>Langzeitpumpversuch (Aquifertest): Dieser Test dient der Ermittlung von Aquifer- und Brunneneigenschaften, der Identifikation des Str\u00f6mungssystems sowie der Bestimmung der Entnahmebreite und des Absenkungstrichters. Der Versuch wird einstufig mit konstanter Entnahmerate \u00fcber mehrere Tage oder auch Wochen gefahren. Die Wasserst\u00e4nde sollten dabei nicht nur im F\u00f6rderbrunnen selbst, sondern auch in benachbarten Beobachtungsmessstellen erfasst werden.<\/li>\n<li>Kurzpumpversuch (Pumptest): Dieser Test dient ebenfalls der Ermittlung hydraulischer Kenndaten des Aquifers. Aufgrund der kurzen Pumpphase (mindestens 4 h) sollten mit diesen Werten lediglich qualitative Aussagen \u00fcber die lokalen Aquifereigenschaften getroffen werden, quantitative Aussagen sind kritisch zu sehen.<\/li>\n<li>Stufenpumpversuche (Brunnentests): Bei hydrogeologischen Untersuchungen zur Wasserversorgung werden h\u00e4ufig Stufenpumpversuche (Brunnentests) durchgef\u00fchrt. Dieser Test dient vor allem der Erstellung einer Leistungscharakteristik eines Brunnens und der Ermittlung von Brunnenverlusten.<\/li>\n<li>G\u00fctepumpversuche: Diese Versuche dienen der messstellenspezifischen Festlegung von Abpumpkriterien und haben sich insbesondere bei langfristigen \u00dcberwachungsprogrammen mit kontinuierlicher Beprobung bew\u00e4hrt.<\/li>\n<li>Pumpversuche zur Probenahme: Der Abpumpvorgang dient hier lediglich der Entnahme von Grundwasserproben<\/li>\n<\/ul>\n<p>Die aufgef\u00fchrten Ziele k\u00f6nnen z.T. in einem Pumpversuchstyp kombiniert werden, z.B. Kurzpumpversuch zur Probennahme.<\/p>\n<p>Diese k\u00f6nnen auch notwendig werden, wenn z.B. die wasserrechtliche Genehmigung eines bestehenden Brunnens verl\u00e4ngert werden soll. Wegen der L\u00e4nge solcher Pumpversuche ist heutzutage die elektronische Datenerfassung unabdingbar. Die Kriterien des Arbeitsblattes nach DVGW W 111\u00a0m\u00fcssen in vorbildlicher Weise\u00a0erf\u00fcllt werden.<\/p>\n<\/div><\/section><\/div>\n<style type=\"text\/css\" data-created_by=\"avia_inline_auto\" id=\"style-css-av-29t5jt-e286507338b291cc10156be88f77e023\">\n.flex_column.av-29t5jt-e286507338b291cc10156be88f77e023{\nborder-radius:0px 0px 0px 0px;\npadding:0px 0px 0px 0px;\n}\n<\/style>\n<div  class='flex_column av-29t5jt-e286507338b291cc10156be88f77e023 av_one_full  avia-builder-el-7  el_after_av_one_full  avia-builder-el-last  first flex_column_div av-animated-generic bottom-to-top av-zero-column-padding  column-top-margin'     ><\/div><\/p>\n","protected":false},"excerpt":{"rendered":"","protected":false},"author":1,"featured_media":0,"parent":25,"menu_order":8,"comment_status":"closed","ping_status":"closed","template":"","meta":{"footnotes":""},"yoast_head":"<!-- This site is optimized with the Yoast SEO Premium plugin v19.1 (Yoast SEO v22.1) - https:\/\/yoast.com\/wordpress\/plugins\/seo\/ -->\n<title>Pumpversuch - Brunnen und Pumpen Service<\/title>\n<meta name=\"description\" content=\"Pumpversuche gem\u00e4\u00df DVGW W11 zur Ermittlung der Ergiebigkeit von Brunnen mittels Leistungstest.\" \/>\n<meta name=\"robots\" content=\"index, follow, max-snippet:-1, max-image-preview:large, max-video-preview:-1\" \/>\n<link rel=\"canonical\" href=\"https:\/\/www.vintage-classics.de\/?page_id=377\" \/>\n<meta property=\"og:locale\" content=\"de_DE\" \/>\n<meta property=\"og:type\" content=\"article\" \/>\n<meta property=\"og:title\" content=\"Pumpversuch\" \/>\n<meta property=\"og:description\" content=\"Pumpversuche gem\u00e4\u00df DVGW W11 zur Ermittlung der Ergiebigkeit von Brunnen mittels Leistungstest.\" \/>\n<meta property=\"og:url\" content=\"https:\/\/www.vintage-classics.de\/?page_id=377\" \/>\n<meta property=\"og:site_name\" content=\"Brunnen und Pumpen Service\" \/>\n<meta property=\"article:modified_time\" content=\"2021-05-30T11:30:26+00:00\" \/>\n<meta name=\"twitter:card\" content=\"summary_large_image\" \/>\n<meta name=\"twitter:label1\" content=\"Gesch\u00e4tzte Lesezeit\" \/>\n\t<meta name=\"twitter:data1\" content=\"2\u00a0Minuten\" \/>\n<script type=\"application\/ld+json\" class=\"yoast-schema-graph\">{\"@context\":\"https:\/\/schema.org\",\"@graph\":[{\"@type\":\"WebPage\",\"@id\":\"https:\/\/www.vintage-classics.de\/?page_id=377\",\"url\":\"https:\/\/www.vintage-classics.de\/?page_id=377\",\"name\":\"Pumpversuch - Brunnen und Pumpen Service\",\"isPartOf\":{\"@id\":\"https:\/\/www.vintage-classics.de\/#website\"},\"datePublished\":\"2019-12-18T11:10:41+00:00\",\"dateModified\":\"2021-05-30T11:30:26+00:00\",\"description\":\"Pumpversuche gem\u00e4\u00df DVGW W11 zur Ermittlung der Ergiebigkeit von Brunnen mittels Leistungstest.\",\"breadcrumb\":{\"@id\":\"https:\/\/www.vintage-classics.de\/?page_id=377#breadcrumb\"},\"inLanguage\":\"de\",\"potentialAction\":[{\"@type\":\"ReadAction\",\"target\":[\"https:\/\/www.vintage-classics.de\/?page_id=377\"]}]},{\"@type\":\"BreadcrumbList\",\"@id\":\"https:\/\/www.vintage-classics.de\/?page_id=377#breadcrumb\",\"itemListElement\":[{\"@type\":\"ListItem\",\"position\":1,\"name\":\"Startseite\",\"item\":\"https:\/\/www.vintage-classics.de\/\"},{\"@type\":\"ListItem\",\"position\":2,\"name\":\"Leistungen\",\"item\":\"https:\/\/www.vintage-classics.de\/?page_id=25\"},{\"@type\":\"ListItem\",\"position\":3,\"name\":\"Pumpversuch\"}]},{\"@type\":\"WebSite\",\"@id\":\"https:\/\/www.vintage-classics.de\/#website\",\"url\":\"https:\/\/www.vintage-classics.de\/\",\"name\":\"Brunnen und Pumpen Service\",\"description\":\"Dienstleister f\u00fcr Brunnenregenerierung, Brunnensanierung, Brunneninspektion, Wartung und Instandhaltung an Brunnenbauwerken\",\"publisher\":{\"@id\":\"https:\/\/www.vintage-classics.de\/#organization\"},\"potentialAction\":[{\"@type\":\"SearchAction\",\"target\":{\"@type\":\"EntryPoint\",\"urlTemplate\":\"https:\/\/www.vintage-classics.de\/?s={search_term_string}\"},\"query-input\":\"required name=search_term_string\"}],\"inLanguage\":\"de\"},{\"@type\":\"Organization\",\"@id\":\"https:\/\/www.vintage-classics.de\/#organization\",\"name\":\"BPK Brunnen & Pumpen Service\",\"url\":\"https:\/\/www.vintage-classics.de\/\",\"logo\":{\"@type\":\"ImageObject\",\"inLanguage\":\"de\",\"@id\":\"https:\/\/www.vintage-classics.de\/#\/schema\/logo\/image\/\",\"url\":\"https:\/\/www.vintage-classics.de\/wp-content\/uploads\/2020\/08\/Logo_BPK_getrennt_rgb.png\",\"contentUrl\":\"https:\/\/www.vintage-classics.de\/wp-content\/uploads\/2020\/08\/Logo_BPK_getrennt_rgb.png\",\"width\":1218,\"height\":368,\"caption\":\"BPK Brunnen & Pumpen Service\"},\"image\":{\"@id\":\"https:\/\/www.vintage-classics.de\/#\/schema\/logo\/image\/\"}}]}<\/script>\n<!-- \/ Yoast SEO Premium plugin. -->","yoast_head_json":{"title":"Pumpversuch - Brunnen und Pumpen Service","description":"Pumpversuche gem\u00e4\u00df DVGW W11 zur Ermittlung der Ergiebigkeit von Brunnen mittels Leistungstest.","robots":{"index":"index","follow":"follow","max-snippet":"max-snippet:-1","max-image-preview":"max-image-preview:large","max-video-preview":"max-video-preview:-1"},"canonical":"https:\/\/www.vintage-classics.de\/?page_id=377","og_locale":"de_DE","og_type":"article","og_title":"Pumpversuch","og_description":"Pumpversuche gem\u00e4\u00df DVGW W11 zur Ermittlung der Ergiebigkeit von Brunnen mittels Leistungstest.","og_url":"https:\/\/www.vintage-classics.de\/?page_id=377","og_site_name":"Brunnen und Pumpen Service","article_modified_time":"2021-05-30T11:30:26+00:00","twitter_card":"summary_large_image","twitter_misc":{"Gesch\u00e4tzte Lesezeit":"2\u00a0Minuten"},"schema":{"@context":"https:\/\/schema.org","@graph":[{"@type":"WebPage","@id":"https:\/\/www.vintage-classics.de\/?page_id=377","url":"https:\/\/www.vintage-classics.de\/?page_id=377","name":"Pumpversuch - Brunnen und Pumpen Service","isPartOf":{"@id":"https:\/\/www.vintage-classics.de\/#website"},"datePublished":"2019-12-18T11:10:41+00:00","dateModified":"2021-05-30T11:30:26+00:00","description":"Pumpversuche gem\u00e4\u00df DVGW W11 zur Ermittlung der Ergiebigkeit von Brunnen mittels Leistungstest.","breadcrumb":{"@id":"https:\/\/www.vintage-classics.de\/?page_id=377#breadcrumb"},"inLanguage":"de","potentialAction":[{"@type":"ReadAction","target":["https:\/\/www.vintage-classics.de\/?page_id=377"]}]},{"@type":"BreadcrumbList","@id":"https:\/\/www.vintage-classics.de\/?page_id=377#breadcrumb","itemListElement":[{"@type":"ListItem","position":1,"name":"Startseite","item":"https:\/\/www.vintage-classics.de\/"},{"@type":"ListItem","position":2,"name":"Leistungen","item":"https:\/\/www.vintage-classics.de\/?page_id=25"},{"@type":"ListItem","position":3,"name":"Pumpversuch"}]},{"@type":"WebSite","@id":"https:\/\/www.vintage-classics.de\/#website","url":"https:\/\/www.vintage-classics.de\/","name":"Brunnen und Pumpen Service","description":"Dienstleister f\u00fcr Brunnenregenerierung, Brunnensanierung, Brunneninspektion, Wartung und Instandhaltung an Brunnenbauwerken","publisher":{"@id":"https:\/\/www.vintage-classics.de\/#organization"},"potentialAction":[{"@type":"SearchAction","target":{"@type":"EntryPoint","urlTemplate":"https:\/\/www.vintage-classics.de\/?s={search_term_string}"},"query-input":"required name=search_term_string"}],"inLanguage":"de"},{"@type":"Organization","@id":"https:\/\/www.vintage-classics.de\/#organization","name":"BPK Brunnen & Pumpen Service","url":"https:\/\/www.vintage-classics.de\/","logo":{"@type":"ImageObject","inLanguage":"de","@id":"https:\/\/www.vintage-classics.de\/#\/schema\/logo\/image\/","url":"https:\/\/www.vintage-classics.de\/wp-content\/uploads\/2020\/08\/Logo_BPK_getrennt_rgb.png","contentUrl":"https:\/\/www.vintage-classics.de\/wp-content\/uploads\/2020\/08\/Logo_BPK_getrennt_rgb.png","width":1218,"height":368,"caption":"BPK Brunnen & Pumpen Service"},"image":{"@id":"https:\/\/www.vintage-classics.de\/#\/schema\/logo\/image\/"}}]}},"_links":{"self":[{"href":"https:\/\/www.vintage-classics.de\/index.php?rest_route=\/wp\/v2\/pages\/377"}],"collection":[{"href":"https:\/\/www.vintage-classics.de\/index.php?rest_route=\/wp\/v2\/pages"}],"about":[{"href":"https:\/\/www.vintage-classics.de\/index.php?rest_route=\/wp\/v2\/types\/page"}],"author":[{"embeddable":true,"href":"https:\/\/www.vintage-classics.de\/index.php?rest_route=\/wp\/v2\/users\/1"}],"replies":[{"embeddable":true,"href":"https:\/\/www.vintage-classics.de\/index.php?rest_route=%2Fwp%2Fv2%2Fcomments&post=377"}],"version-history":[{"count":7,"href":"https:\/\/www.vintage-classics.de\/index.php?rest_route=\/wp\/v2\/pages\/377\/revisions"}],"predecessor-version":[{"id":1398,"href":"https:\/\/www.vintage-classics.de\/index.php?rest_route=\/wp\/v2\/pages\/377\/revisions\/1398"}],"up":[{"embeddable":true,"href":"https:\/\/www.vintage-classics.de\/index.php?rest_route=\/wp\/v2\/pages\/25"}],"wp:attachment":[{"href":"https:\/\/www.vintage-classics.de\/index.php?rest_route=%2Fwp%2Fv2%2Fmedia&parent=377"}],"curies":[{"name":"wp","href":"https:\/\/api.w.org\/{rel}","templated":true}]}}