{"id":394,"date":"2019-12-18T12:24:49","date_gmt":"2019-12-18T11:24:49","guid":{"rendered":"https:\/\/www.vintage-classics.de\/cms\/?page_id=394"},"modified":"2023-12-02T07:05:49","modified_gmt":"2023-12-02T06:05:49","slug":"produktblaetter","status":"publish","type":"page","link":"https:\/\/www.vintage-classics.de\/?page_id=394","title":{"rendered":"Produktbl\u00e4tter"},"content":{"rendered":"\n<style type=\"text\/css\" data-created_by=\"avia_inline_auto\" id=\"style-css-av-3cf5ov-724e33174ee99f2ac1c5c6219529e05a\">\n#top .flex_column.av-3cf5ov-724e33174ee99f2ac1c5c6219529e05a{\nmargin-top:0px;\nmargin-bottom:0px;\n}\n.flex_column.av-3cf5ov-724e33174ee99f2ac1c5c6219529e05a{\nborder-radius:0px 0px 0px 0px;\npadding:0px 0px 0px 0px;\n}\n.responsive #top #wrap_all .flex_column.av-3cf5ov-724e33174ee99f2ac1c5c6219529e05a{\nmargin-top:0px;\nmargin-bottom:0px;\n}\n<\/style>\n<div  class='flex_column av-3cf5ov-724e33174ee99f2ac1c5c6219529e05a av_one_full  avia-builder-el-0  el_before_av_icongrid  avia-builder-el-first  first flex_column_div av-animated-generic bottom-to-top av-zero-column-padding  '     ><p>\n<style type=\"text\/css\" data-created_by=\"avia_inline_auto\" id=\"style-css-av-b4cca-8dfb6e044c62fd81899764a3c50e32cf\">\n#top .av-special-heading.av-b4cca-8dfb6e044c62fd81899764a3c50e32cf{\npadding-bottom:0;\n}\nbody .av-special-heading.av-b4cca-8dfb6e044c62fd81899764a3c50e32cf .av-special-heading-tag .heading-char{\nfont-size:25px;\n}\n.av-special-heading.av-b4cca-8dfb6e044c62fd81899764a3c50e32cf .av-subheading{\nfont-size:15px;\n}\n<\/style>\n<div  class='av-special-heading av-b4cca-8dfb6e044c62fd81899764a3c50e32cf av-special-heading-h2 blockquote modern-quote  avia-builder-el-1  el_before_av_hr  avia-builder-el-first  av-linked-heading'><h2 class='av-special-heading-tag'  itemprop=\"headline\"  >Produktbl\u00e4tter<\/h2><div class=\"special-heading-border\"><div class=\"special-heading-inner-border\"><\/div><\/div><\/div><br \/>\n\n<style type=\"text\/css\" data-created_by=\"avia_inline_auto\" id=\"style-css-av-31f2ex-6a95d53af0277450628d77b0e81db08a\">\n#top .hr.av-31f2ex-6a95d53af0277450628d77b0e81db08a{\nmargin-top:10px;\nmargin-bottom:10px;\n}\n.hr.av-31f2ex-6a95d53af0277450628d77b0e81db08a .hr-inner{\nwidth:50px;\nborder-color:#1d70b8;\n}\n<\/style>\n<div  class='hr av-31f2ex-6a95d53af0277450628d77b0e81db08a hr-custom  avia-builder-el-2  el_after_av_heading  avia-builder-el-last  hr-left hr-icon-no'><span class='hr-inner inner-border-av-border-fat'><span class=\"hr-inner-style\"><\/span><\/span><\/div><\/p><\/div>\n\n<style type=\"text\/css\" data-created_by=\"avia_inline_auto\" id=\"style-css-av-kbe4cjpv-1b46642a20d6f57cf94ad325e3875477\">\n.avia-icon-grid-container.av-kbe4cjpv-1b46642a20d6f57cf94ad325e3875477 .avia-icongrid{\njustify-content:space-between;\n}\n.avia-icon-grid-container.av-kbe4cjpv-1b46642a20d6f57cf94ad325e3875477 .avia-icongrid-wrapper .avia-icongrid-icon{\ncolor:#0e71b8;\n}\n<\/style>\n<div  class='avia-icon-grid-container av-kbe4cjpv-1b46642a20d6f57cf94ad325e3875477  avia-builder-el-3  el_after_av_one_full  avia-builder-el-last ' ><ul id='avia-icongrid-69e388d5911ca' class='avia-icongrid clearfix avia_animate_when_almost_visible avia-icongrid-tooltip avia-icongrid-numrow-3 avia-cell-space-between av-flex-cells av-break-767 av-can-break-50'><\/ul><\/div>\n","protected":false},"excerpt":{"rendered":"","protected":false},"author":1,"featured_media":0,"parent":386,"menu_order":2,"comment_status":"closed","ping_status":"closed","template":"","meta":{"footnotes":""},"yoast_head":"<!-- This site is optimized with the Yoast SEO Premium plugin v19.1 (Yoast SEO v22.1) - https:\/\/yoast.com\/wordpress\/plugins\/seo\/ -->\n<title>Produktbl\u00e4tter - Brunnen und Pumpen Service<\/title>\n<meta name=\"description\" content=\"Informationen zu den Dienstleistungen der BPK in Form von Produktbl\u00e4ttern, Prospekten und Brosch\u00fcren als PDF Dateien zum Download.\" \/>\n<meta name=\"robots\" content=\"index, follow, max-snippet:-1, max-image-preview:large, max-video-preview:-1\" \/>\n<link rel=\"canonical\" href=\"https:\/\/www.vintage-classics.de\/?page_id=394\" \/>\n<meta property=\"og:locale\" content=\"de_DE\" \/>\n<meta property=\"og:type\" content=\"article\" \/>\n<meta property=\"og:title\" content=\"Produktbl\u00e4tter\" \/>\n<meta property=\"og:description\" content=\"Informationen zu den Dienstleistungen der BPK in Form von Produktbl\u00e4ttern, Prospekten und Brosch\u00fcren als PDF Dateien zum Download.\" \/>\n<meta property=\"og:url\" content=\"https:\/\/www.vintage-classics.de\/?page_id=394\" \/>\n<meta property=\"og:site_name\" content=\"Brunnen und Pumpen Service\" \/>\n<meta property=\"article:modified_time\" content=\"2023-12-02T06:05:49+00:00\" \/>\n<meta name=\"twitter:card\" content=\"summary_large_image\" \/>\n<meta name=\"twitter:label1\" content=\"Gesch\u00e4tzte Lesezeit\" \/>\n\t<meta name=\"twitter:data1\" content=\"1\u00a0Minute\" \/>\n<script type=\"application\/ld+json\" class=\"yoast-schema-graph\">{\"@context\":\"https:\/\/schema.org\",\"@graph\":[{\"@type\":\"WebPage\",\"@id\":\"https:\/\/www.vintage-classics.de\/?page_id=394\",\"url\":\"https:\/\/www.vintage-classics.de\/?page_id=394\",\"name\":\"Produktbl\u00e4tter - Brunnen und Pumpen Service\",\"isPartOf\":{\"@id\":\"https:\/\/www.vintage-classics.de\/#website\"},\"datePublished\":\"2019-12-18T11:24:49+00:00\",\"dateModified\":\"2023-12-02T06:05:49+00:00\",\"description\":\"Informationen zu den Dienstleistungen der BPK in Form von Produktbl\u00e4ttern, Prospekten und Brosch\u00fcren als PDF Dateien zum Download.\",\"breadcrumb\":{\"@id\":\"https:\/\/www.vintage-classics.de\/?page_id=394#breadcrumb\"},\"inLanguage\":\"de\",\"potentialAction\":[{\"@type\":\"ReadAction\",\"target\":[\"https:\/\/www.vintage-classics.de\/?page_id=394\"]}]},{\"@type\":\"BreadcrumbList\",\"@id\":\"https:\/\/www.vintage-classics.de\/?page_id=394#breadcrumb\",\"itemListElement\":[{\"@type\":\"ListItem\",\"position\":1,\"name\":\"Startseite\",\"item\":\"https:\/\/www.vintage-classics.de\/\"},{\"@type\":\"ListItem\",\"position\":2,\"name\":\"Informationen\",\"item\":\"https:\/\/www.vintage-classics.de\/?page_id=386\"},{\"@type\":\"ListItem\",\"position\":3,\"name\":\"Produktbl\u00e4tter\"}]},{\"@type\":\"WebSite\",\"@id\":\"https:\/\/www.vintage-classics.de\/#website\",\"url\":\"https:\/\/www.vintage-classics.de\/\",\"name\":\"Brunnen und Pumpen Service\",\"description\":\"Dienstleister f\u00fcr Brunnenregenerierung, Brunnensanierung, Brunneninspektion, Wartung und Instandhaltung an Brunnenbauwerken\",\"publisher\":{\"@id\":\"https:\/\/www.vintage-classics.de\/#organization\"},\"potentialAction\":[{\"@type\":\"SearchAction\",\"target\":{\"@type\":\"EntryPoint\",\"urlTemplate\":\"https:\/\/www.vintage-classics.de\/?s={search_term_string}\"},\"query-input\":\"required name=search_term_string\"}],\"inLanguage\":\"de\"},{\"@type\":\"Organization\",\"@id\":\"https:\/\/www.vintage-classics.de\/#organization\",\"name\":\"BPK Brunnen & Pumpen Service\",\"url\":\"https:\/\/www.vintage-classics.de\/\",\"logo\":{\"@type\":\"ImageObject\",\"inLanguage\":\"de\",\"@id\":\"https:\/\/www.vintage-classics.de\/#\/schema\/logo\/image\/\",\"url\":\"https:\/\/www.vintage-classics.de\/wp-content\/uploads\/2020\/08\/Logo_BPK_getrennt_rgb.png\",\"contentUrl\":\"https:\/\/www.vintage-classics.de\/wp-content\/uploads\/2020\/08\/Logo_BPK_getrennt_rgb.png\",\"width\":1218,\"height\":368,\"caption\":\"BPK Brunnen & Pumpen Service\"},\"image\":{\"@id\":\"https:\/\/www.vintage-classics.de\/#\/schema\/logo\/image\/\"}}]}<\/script>\n<!-- \/ Yoast SEO Premium plugin. -->","yoast_head_json":{"title":"Produktbl\u00e4tter - Brunnen und Pumpen Service","description":"Informationen zu den Dienstleistungen der BPK in Form von Produktbl\u00e4ttern, Prospekten und Brosch\u00fcren als PDF Dateien zum Download.","robots":{"index":"index","follow":"follow","max-snippet":"max-snippet:-1","max-image-preview":"max-image-preview:large","max-video-preview":"max-video-preview:-1"},"canonical":"https:\/\/www.vintage-classics.de\/?page_id=394","og_locale":"de_DE","og_type":"article","og_title":"Produktbl\u00e4tter","og_description":"Informationen zu den Dienstleistungen der BPK in Form von Produktbl\u00e4ttern, Prospekten und Brosch\u00fcren als PDF Dateien zum Download.","og_url":"https:\/\/www.vintage-classics.de\/?page_id=394","og_site_name":"Brunnen und Pumpen Service","article_modified_time":"2023-12-02T06:05:49+00:00","twitter_card":"summary_large_image","twitter_misc":{"Gesch\u00e4tzte Lesezeit":"1\u00a0Minute"},"schema":{"@context":"https:\/\/schema.org","@graph":[{"@type":"WebPage","@id":"https:\/\/www.vintage-classics.de\/?page_id=394","url":"https:\/\/www.vintage-classics.de\/?page_id=394","name":"Produktbl\u00e4tter - Brunnen und Pumpen Service","isPartOf":{"@id":"https:\/\/www.vintage-classics.de\/#website"},"datePublished":"2019-12-18T11:24:49+00:00","dateModified":"2023-12-02T06:05:49+00:00","description":"Informationen zu den Dienstleistungen der BPK in Form von Produktbl\u00e4ttern, Prospekten und Brosch\u00fcren als PDF Dateien zum Download.","breadcrumb":{"@id":"https:\/\/www.vintage-classics.de\/?page_id=394#breadcrumb"},"inLanguage":"de","potentialAction":[{"@type":"ReadAction","target":["https:\/\/www.vintage-classics.de\/?page_id=394"]}]},{"@type":"BreadcrumbList","@id":"https:\/\/www.vintage-classics.de\/?page_id=394#breadcrumb","itemListElement":[{"@type":"ListItem","position":1,"name":"Startseite","item":"https:\/\/www.vintage-classics.de\/"},{"@type":"ListItem","position":2,"name":"Informationen","item":"https:\/\/www.vintage-classics.de\/?page_id=386"},{"@type":"ListItem","position":3,"name":"Produktbl\u00e4tter"}]},{"@type":"WebSite","@id":"https:\/\/www.vintage-classics.de\/#website","url":"https:\/\/www.vintage-classics.de\/","name":"Brunnen und Pumpen Service","description":"Dienstleister f\u00fcr Brunnenregenerierung, Brunnensanierung, Brunneninspektion, Wartung und Instandhaltung an Brunnenbauwerken","publisher":{"@id":"https:\/\/www.vintage-classics.de\/#organization"},"potentialAction":[{"@type":"SearchAction","target":{"@type":"EntryPoint","urlTemplate":"https:\/\/www.vintage-classics.de\/?s={search_term_string}"},"query-input":"required name=search_term_string"}],"inLanguage":"de"},{"@type":"Organization","@id":"https:\/\/www.vintage-classics.de\/#organization","name":"BPK Brunnen & Pumpen Service","url":"https:\/\/www.vintage-classics.de\/","logo":{"@type":"ImageObject","inLanguage":"de","@id":"https:\/\/www.vintage-classics.de\/#\/schema\/logo\/image\/","url":"https:\/\/www.vintage-classics.de\/wp-content\/uploads\/2020\/08\/Logo_BPK_getrennt_rgb.png","contentUrl":"https:\/\/www.vintage-classics.de\/wp-content\/uploads\/2020\/08\/Logo_BPK_getrennt_rgb.png","width":1218,"height":368,"caption":"BPK Brunnen & Pumpen Service"},"image":{"@id":"https:\/\/www.vintage-classics.de\/#\/schema\/logo\/image\/"}}]}},"_links":{"self":[{"href":"https:\/\/www.vintage-classics.de\/index.php?rest_route=\/wp\/v2\/pages\/394"}],"collection":[{"href":"https:\/\/www.vintage-classics.de\/index.php?rest_route=\/wp\/v2\/pages"}],"about":[{"href":"https:\/\/www.vintage-classics.de\/index.php?rest_route=\/wp\/v2\/types\/page"}],"author":[{"embeddable":true,"href":"https:\/\/www.vintage-classics.de\/index.php?rest_route=\/wp\/v2\/users\/1"}],"replies":[{"embeddable":true,"href":"https:\/\/www.vintage-classics.de\/index.php?rest_route=%2Fwp%2Fv2%2Fcomments&post=394"}],"version-history":[{"count":13,"href":"https:\/\/www.vintage-classics.de\/index.php?rest_route=\/wp\/v2\/pages\/394\/revisions"}],"predecessor-version":[{"id":1637,"href":"https:\/\/www.vintage-classics.de\/index.php?rest_route=\/wp\/v2\/pages\/394\/revisions\/1637"}],"up":[{"embeddable":true,"href":"https:\/\/www.vintage-classics.de\/index.php?rest_route=\/wp\/v2\/pages\/386"}],"wp:attachment":[{"href":"https:\/\/www.vintage-classics.de\/index.php?rest_route=%2Fwp%2Fv2%2Fmedia&parent=394"}],"curies":[{"name":"wp","href":"https:\/\/api.w.org\/{rel}","templated":true}]}}