{"id":407,"date":"2019-12-18T12:33:20","date_gmt":"2019-12-18T11:33:20","guid":{"rendered":"https:\/\/www.vintage-classics.de\/cms\/?page_id=407"},"modified":"2024-05-27T10:38:39","modified_gmt":"2024-05-27T08:38:39","slug":"das-team","status":"publish","type":"page","link":"https:\/\/www.vintage-classics.de\/?page_id=407","title":{"rendered":"Das Team"},"content":{"rendered":"\n<style type=\"text\/css\" data-created_by=\"avia_inline_auto\" id=\"style-css-av-3fgejl-a273b60cfcd9362e814ed2907e827aeb\">\n#top .flex_column.av-3fgejl-a273b60cfcd9362e814ed2907e827aeb{\nmargin-top:0px;\nmargin-bottom:0px;\n}\n.flex_column.av-3fgejl-a273b60cfcd9362e814ed2907e827aeb{\nborder-radius:0px 0px 0px 0px;\npadding:0px 0px 0px 0px;\n}\n.responsive #top #wrap_all .flex_column.av-3fgejl-a273b60cfcd9362e814ed2907e827aeb{\nmargin-top:0px;\nmargin-bottom:0px;\n}\n<\/style>\n<div  class='flex_column av-3fgejl-a273b60cfcd9362e814ed2907e827aeb av_one_full  avia-builder-el-0  el_before_av_one_half  avia-builder-el-first  first flex_column_div av-animated-generic bottom-to-top av-zero-column-padding  '     ><p>\n<style type=\"text\/css\" data-created_by=\"avia_inline_auto\" id=\"style-css-av-8dk0v-d8900503828a7aec1999ce44ea7f2466\">\n#top .av-special-heading.av-8dk0v-d8900503828a7aec1999ce44ea7f2466{\npadding-bottom:0;\n}\nbody .av-special-heading.av-8dk0v-d8900503828a7aec1999ce44ea7f2466 .av-special-heading-tag .heading-char{\nfont-size:25px;\n}\n.av-special-heading.av-8dk0v-d8900503828a7aec1999ce44ea7f2466 .av-subheading{\nfont-size:15px;\n}\n<\/style>\n<div  class='av-special-heading av-8dk0v-d8900503828a7aec1999ce44ea7f2466 av-special-heading-h2 blockquote modern-quote  avia-builder-el-1  el_before_av_hr  avia-builder-el-first '><h2 class='av-special-heading-tag'  itemprop=\"headline\"  >Das Team<\/h2><div class=\"special-heading-border\"><div class=\"special-heading-inner-border\"><\/div><\/div><\/div><br \/>\n\n<style type=\"text\/css\" data-created_by=\"avia_inline_auto\" id=\"style-css-av-31f2ex-7a5073f7c8f4ae6660f2c00c6fd14fa3\">\n#top .hr.av-31f2ex-7a5073f7c8f4ae6660f2c00c6fd14fa3{\nmargin-top:10px;\nmargin-bottom:10px;\n}\n.hr.av-31f2ex-7a5073f7c8f4ae6660f2c00c6fd14fa3 .hr-inner{\nwidth:50px;\nborder-color:#78aacc;\n}\n<\/style>\n<div  class='hr av-31f2ex-7a5073f7c8f4ae6660f2c00c6fd14fa3 hr-custom  avia-builder-el-2  el_after_av_heading  avia-builder-el-last  hr-left hr-icon-no'><span class='hr-inner inner-border-av-border-fat'><span class=\"hr-inner-style\"><\/span><\/span><\/div><\/p><\/div>\n<div class='flex_column_table av-29t5jt-0120bcb1e5876d30c24d770e3b90f0e5 sc-av_one_half av-equal-height-column-flextable'>\n<style type=\"text\/css\" data-created_by=\"avia_inline_auto\" id=\"style-css-av-29t5jt-0120bcb1e5876d30c24d770e3b90f0e5\">\n.flex_column.av-29t5jt-0120bcb1e5876d30c24d770e3b90f0e5{\nborder-radius:0px 0px 0px 0px;\npadding:0px 0px 0px 0px;\n}\n<\/style>\n<div  class='flex_column av-29t5jt-0120bcb1e5876d30c24d770e3b90f0e5 av_one_half  avia-builder-el-3  el_after_av_one_full  el_before_av_one_half  first flex_column_table_cell av-equal-height-column av-align-top av-animated-generic bottom-to-top av-zero-column-padding  column-top-margin'     ><section  class='avia-team-member av-k4bixs9n-2849e6e2886edd7865a37cd857c18024  avia-builder-el-4  avia-builder-el-no-sibling '  itemscope=\"itemscope\" itemtype=\"https:\/\/schema.org\/Person\" ><div class=\"team-img-container\"><img decoding=\"async\" fetchpriority=\"high\" class='wp-image-1320 avia-img-lazy-loading-not-1320 avia_image avia_image_team av-team-img-original' src=\"https:\/\/www.vintage-classics.de\/wp-content\/uploads\/2021\/05\/Martin-Knobbe_frei-180x180.png\" alt='Martin Knobbe'  itemprop=\"image\"   height=\"180\" width=\"180\" srcset=\"https:\/\/www.vintage-classics.de\/wp-content\/uploads\/2021\/05\/Martin-Knobbe_frei-180x180.png 180w, https:\/\/www.vintage-classics.de\/wp-content\/uploads\/2021\/05\/Martin-Knobbe_frei-80x80.png 80w, https:\/\/www.vintage-classics.de\/wp-content\/uploads\/2021\/05\/Martin-Knobbe_frei-36x36.png 36w\" sizes=\"(max-width: 180px) 100vw, 180px\" \/><\/div><h3 class='team-member-name '  itemprop=\"name\" >Martin Knobbe<\/h3><div class='team-member-job-title '  itemprop=\"jobTitle\" >Dipl. Bergvermessungsingenieur, Fachmann f\u00fcr Instandsetzungsplanung TAS, zertifizierter Kanalsanierungsberater<\/div><div class='team-member-description '  itemprop=\"description\" ><p>Brunneninspektion, Geophysik, Brunnen- und Pumpenservice, Brunnenregenerierung.<\/p>\n<p>Tel.: 02151 600 3171<br \/>\nMobil: 0179 292 99 75<br \/>\nMail: post@vintage-classics.de<\/p>\n<\/div><span class='hidden team-member-affiliation'  itemprop=\"affiliation\" >Brunnen  und Pumpen Service<\/span><\/section><\/div><div class='av-flex-placeholder'><\/div>\n<style type=\"text\/css\" data-created_by=\"avia_inline_auto\" id=\"style-css-av-85fl3-0622e6ff5775c62464ba124b48b29a7d\">\n.flex_column.av-85fl3-0622e6ff5775c62464ba124b48b29a7d{\nborder-radius:0px 0px 0px 0px;\npadding:0px 0px 0px 0px;\n}\n<\/style>\n<div  class='flex_column av-85fl3-0622e6ff5775c62464ba124b48b29a7d av_one_half  avia-builder-el-5  el_after_av_one_half  el_before_av_hr  flex_column_table_cell av-equal-height-column av-align-top av-animated-generic bottom-to-top av-zero-column-padding  column-top-margin'     ><\/div><\/div><!--close column table wrapper. Autoclose: 1 --><\/p>\n\n<style type=\"text\/css\" data-created_by=\"avia_inline_auto\" id=\"style-css-av-kostld6p-066bb0887d4065d0713580857b0f16eb\">\n#top .hr.hr-invisible.av-kostld6p-066bb0887d4065d0713580857b0f16eb{\nheight:50px;\n}\n<\/style>\n<div  class='hr av-kostld6p-066bb0887d4065d0713580857b0f16eb hr-invisible  avia-builder-el-6  el_after_av_one_half  el_before_av_one_half '><span class='hr-inner '><span class=\"hr-inner-style\"><\/span><\/span><\/div>\n\n<style type=\"text\/css\" data-created_by=\"avia_inline_auto\" id=\"style-css-av-29t5jt-23-4f415c71db3ad0b9e184d182cb39ded8\">\n.flex_column.av-29t5jt-23-4f415c71db3ad0b9e184d182cb39ded8{\nborder-radius:0px 0px 0px 0px;\npadding:0px 0px 0px 0px;\n}\n<\/style>\n<div  class='flex_column av-29t5jt-23-4f415c71db3ad0b9e184d182cb39ded8 av_one_half  avia-builder-el-7  el_after_av_hr  el_before_av_one_half  first flex_column_div av-animated-generic bottom-to-top av-zero-column-padding  '     ><section  class='avia-team-member av-k4bixs9n-22-4f26ee1dae210a631f23b5adcd41f613  avia-builder-el-8  avia-builder-el-no-sibling '  itemscope=\"itemscope\" itemtype=\"https:\/\/schema.org\/Person\" ><h3 class='team-member-name '  itemprop=\"name\" >Alexander Franke<\/h3><div class='team-member-description '  itemprop=\"description\" ><p>Tel.: 05171 294 273<br \/>\nMail: alexander.franke@gwe-gruppe.de<\/p>\n<\/div><span class='hidden team-member-affiliation'  itemprop=\"affiliation\" >Brunnen  und Pumpen Service<\/span><\/section><\/div>\n\n<style type=\"text\/css\" data-created_by=\"avia_inline_auto\" id=\"style-css-av-9qlgf-912683e959691beff38ef519564a3c85\">\n.flex_column.av-9qlgf-912683e959691beff38ef519564a3c85{\nborder-radius:0px 0px 0px 0px;\npadding:0px 0px 0px 0px;\n}\n<\/style>\n<div  class='flex_column av-9qlgf-912683e959691beff38ef519564a3c85 av_one_half  avia-builder-el-9  el_after_av_one_half  el_before_av_one_half  flex_column_div av-zero-column-padding  '     ><\/div>\n\n<style type=\"text\/css\" data-created_by=\"avia_inline_auto\" id=\"style-css-av-lbxdj-527132aa0d1263bb0ad984adfe8cbc82\">\n.flex_column.av-lbxdj-527132aa0d1263bb0ad984adfe8cbc82{\nborder-radius:0px 0px 0px 0px;\npadding:0px 0px 0px 0px;\n}\n<\/style>\n<div  class='flex_column av-lbxdj-527132aa0d1263bb0ad984adfe8cbc82 av_one_half  avia-builder-el-10  el_after_av_one_half  el_before_av_one_half  first flex_column_div av-zero-column-padding  column-top-margin'     ><\/div>\n\n<style type=\"text\/css\" data-created_by=\"avia_inline_auto\" id=\"style-css-av-fhij3-3dc2b8017eb26ee00019e9dafbaf716e\">\n.flex_column.av-fhij3-3dc2b8017eb26ee00019e9dafbaf716e{\nborder-radius:0px 0px 0px 0px;\npadding:0px 0px 0px 0px;\n}\n<\/style>\n<div  class='flex_column av-fhij3-3dc2b8017eb26ee00019e9dafbaf716e av_one_half  avia-builder-el-11  el_after_av_one_half  el_before_av_one_full  flex_column_div av-zero-column-padding  column-top-margin'     ><\/div>\n\n<style type=\"text\/css\" data-created_by=\"avia_inline_auto\" id=\"style-css-av-aktf3-b5244cdef60fea8c28e75ee4b2f67e07\">\n.flex_column.av-aktf3-b5244cdef60fea8c28e75ee4b2f67e07{\nborder-radius:0px 0px 0px 0px;\npadding:0px 0px 0px 0px;\n}\n<\/style>\n<div  class='flex_column av-aktf3-b5244cdef60fea8c28e75ee4b2f67e07 av_one_full  avia-builder-el-12  el_after_av_one_half  avia-builder-el-last  first flex_column_div av-zero-column-padding  column-top-margin'     ><\/div>\n","protected":false},"excerpt":{"rendered":"","protected":false},"author":1,"featured_media":0,"parent":388,"menu_order":1,"comment_status":"closed","ping_status":"closed","template":"","meta":{"footnotes":""},"yoast_head":"<!-- This site is optimized with the Yoast SEO Premium plugin v19.1 (Yoast SEO v22.1) - https:\/\/yoast.com\/wordpress\/plugins\/seo\/ -->\n<title>Das Team - Brunnen und Pumpen Service<\/title>\n<meta name=\"description\" content=\"Das Team BPK Brunnen- und Pumpen-Service GmbH mit den Gesch\u00e4ftsf\u00fchrern und Mitarbeitern f\u00fcr Brunnenregenerierung, Brunnensanierung, Brunnenservice, Brunnenr\u00fcckbau, Brunneninspektion, Pumpenservice beim Brunnen Dienst.\" \/>\n<meta name=\"robots\" content=\"index, follow, max-snippet:-1, max-image-preview:large, max-video-preview:-1\" \/>\n<link rel=\"canonical\" href=\"https:\/\/www.vintage-classics.de\/?page_id=407\" \/>\n<meta property=\"og:locale\" content=\"de_DE\" \/>\n<meta property=\"og:type\" content=\"article\" \/>\n<meta property=\"og:title\" content=\"Das Team\" \/>\n<meta property=\"og:description\" content=\"Das Team BPK Brunnen- und Pumpen-Service GmbH mit den Gesch\u00e4ftsf\u00fchrern und Mitarbeitern f\u00fcr Brunnenregenerierung, Brunnensanierung, Brunnenservice, Brunnenr\u00fcckbau, Brunneninspektion, Pumpenservice beim Brunnen Dienst.\" \/>\n<meta property=\"og:url\" content=\"https:\/\/www.vintage-classics.de\/?page_id=407\" \/>\n<meta property=\"og:site_name\" content=\"Brunnen und Pumpen Service\" \/>\n<meta property=\"article:modified_time\" content=\"2024-05-27T08:38:39+00:00\" \/>\n<meta name=\"twitter:card\" content=\"summary_large_image\" \/>\n<meta name=\"twitter:label1\" content=\"Gesch\u00e4tzte Lesezeit\" \/>\n\t<meta name=\"twitter:data1\" content=\"1\u00a0Minute\" \/>\n<script type=\"application\/ld+json\" class=\"yoast-schema-graph\">{\"@context\":\"https:\/\/schema.org\",\"@graph\":[{\"@type\":\"WebPage\",\"@id\":\"https:\/\/www.vintage-classics.de\/?page_id=407\",\"url\":\"https:\/\/www.vintage-classics.de\/?page_id=407\",\"name\":\"Das Team - Brunnen und Pumpen Service\",\"isPartOf\":{\"@id\":\"https:\/\/www.vintage-classics.de\/#website\"},\"datePublished\":\"2019-12-18T11:33:20+00:00\",\"dateModified\":\"2024-05-27T08:38:39+00:00\",\"description\":\"Das Team BPK Brunnen- und Pumpen-Service GmbH mit den Gesch\u00e4ftsf\u00fchrern und Mitarbeitern f\u00fcr Brunnenregenerierung, Brunnensanierung, Brunnenservice, Brunnenr\u00fcckbau, Brunneninspektion, Pumpenservice beim Brunnen Dienst.\",\"breadcrumb\":{\"@id\":\"https:\/\/www.vintage-classics.de\/?page_id=407#breadcrumb\"},\"inLanguage\":\"de\",\"potentialAction\":[{\"@type\":\"ReadAction\",\"target\":[\"https:\/\/www.vintage-classics.de\/?page_id=407\"]}]},{\"@type\":\"BreadcrumbList\",\"@id\":\"https:\/\/www.vintage-classics.de\/?page_id=407#breadcrumb\",\"itemListElement\":[{\"@type\":\"ListItem\",\"position\":1,\"name\":\"Startseite\",\"item\":\"https:\/\/www.vintage-classics.de\/\"},{\"@type\":\"ListItem\",\"position\":2,\"name\":\"Unternehmen\",\"item\":\"https:\/\/www.vintage-classics.de\/?page_id=388\"},{\"@type\":\"ListItem\",\"position\":3,\"name\":\"Das Team\"}]},{\"@type\":\"WebSite\",\"@id\":\"https:\/\/www.vintage-classics.de\/#website\",\"url\":\"https:\/\/www.vintage-classics.de\/\",\"name\":\"Brunnen und Pumpen Service\",\"description\":\"Dienstleister f\u00fcr Brunnenregenerierung, Brunnensanierung, Brunneninspektion, Wartung und Instandhaltung an Brunnenbauwerken\",\"publisher\":{\"@id\":\"https:\/\/www.vintage-classics.de\/#organization\"},\"potentialAction\":[{\"@type\":\"SearchAction\",\"target\":{\"@type\":\"EntryPoint\",\"urlTemplate\":\"https:\/\/www.vintage-classics.de\/?s={search_term_string}\"},\"query-input\":\"required name=search_term_string\"}],\"inLanguage\":\"de\"},{\"@type\":\"Organization\",\"@id\":\"https:\/\/www.vintage-classics.de\/#organization\",\"name\":\"BPK Brunnen & Pumpen Service\",\"url\":\"https:\/\/www.vintage-classics.de\/\",\"logo\":{\"@type\":\"ImageObject\",\"inLanguage\":\"de\",\"@id\":\"https:\/\/www.vintage-classics.de\/#\/schema\/logo\/image\/\",\"url\":\"https:\/\/www.vintage-classics.de\/wp-content\/uploads\/2020\/08\/Logo_BPK_getrennt_rgb.png\",\"contentUrl\":\"https:\/\/www.vintage-classics.de\/wp-content\/uploads\/2020\/08\/Logo_BPK_getrennt_rgb.png\",\"width\":1218,\"height\":368,\"caption\":\"BPK Brunnen & Pumpen Service\"},\"image\":{\"@id\":\"https:\/\/www.vintage-classics.de\/#\/schema\/logo\/image\/\"}}]}<\/script>\n<!-- \/ Yoast SEO Premium plugin. -->","yoast_head_json":{"title":"Das Team - Brunnen und Pumpen Service","description":"Das Team BPK Brunnen- und Pumpen-Service GmbH mit den Gesch\u00e4ftsf\u00fchrern und Mitarbeitern f\u00fcr Brunnenregenerierung, Brunnensanierung, Brunnenservice, Brunnenr\u00fcckbau, Brunneninspektion, Pumpenservice beim Brunnen Dienst.","robots":{"index":"index","follow":"follow","max-snippet":"max-snippet:-1","max-image-preview":"max-image-preview:large","max-video-preview":"max-video-preview:-1"},"canonical":"https:\/\/www.vintage-classics.de\/?page_id=407","og_locale":"de_DE","og_type":"article","og_title":"Das Team","og_description":"Das Team BPK Brunnen- und Pumpen-Service GmbH mit den Gesch\u00e4ftsf\u00fchrern und Mitarbeitern f\u00fcr Brunnenregenerierung, Brunnensanierung, Brunnenservice, Brunnenr\u00fcckbau, Brunneninspektion, Pumpenservice beim Brunnen Dienst.","og_url":"https:\/\/www.vintage-classics.de\/?page_id=407","og_site_name":"Brunnen und Pumpen Service","article_modified_time":"2024-05-27T08:38:39+00:00","twitter_card":"summary_large_image","twitter_misc":{"Gesch\u00e4tzte Lesezeit":"1\u00a0Minute"},"schema":{"@context":"https:\/\/schema.org","@graph":[{"@type":"WebPage","@id":"https:\/\/www.vintage-classics.de\/?page_id=407","url":"https:\/\/www.vintage-classics.de\/?page_id=407","name":"Das Team - Brunnen und Pumpen Service","isPartOf":{"@id":"https:\/\/www.vintage-classics.de\/#website"},"datePublished":"2019-12-18T11:33:20+00:00","dateModified":"2024-05-27T08:38:39+00:00","description":"Das Team BPK Brunnen- und Pumpen-Service GmbH mit den Gesch\u00e4ftsf\u00fchrern und Mitarbeitern f\u00fcr Brunnenregenerierung, Brunnensanierung, Brunnenservice, Brunnenr\u00fcckbau, Brunneninspektion, Pumpenservice beim Brunnen Dienst.","breadcrumb":{"@id":"https:\/\/www.vintage-classics.de\/?page_id=407#breadcrumb"},"inLanguage":"de","potentialAction":[{"@type":"ReadAction","target":["https:\/\/www.vintage-classics.de\/?page_id=407"]}]},{"@type":"BreadcrumbList","@id":"https:\/\/www.vintage-classics.de\/?page_id=407#breadcrumb","itemListElement":[{"@type":"ListItem","position":1,"name":"Startseite","item":"https:\/\/www.vintage-classics.de\/"},{"@type":"ListItem","position":2,"name":"Unternehmen","item":"https:\/\/www.vintage-classics.de\/?page_id=388"},{"@type":"ListItem","position":3,"name":"Das Team"}]},{"@type":"WebSite","@id":"https:\/\/www.vintage-classics.de\/#website","url":"https:\/\/www.vintage-classics.de\/","name":"Brunnen und Pumpen Service","description":"Dienstleister f\u00fcr Brunnenregenerierung, Brunnensanierung, Brunneninspektion, Wartung und Instandhaltung an Brunnenbauwerken","publisher":{"@id":"https:\/\/www.vintage-classics.de\/#organization"},"potentialAction":[{"@type":"SearchAction","target":{"@type":"EntryPoint","urlTemplate":"https:\/\/www.vintage-classics.de\/?s={search_term_string}"},"query-input":"required name=search_term_string"}],"inLanguage":"de"},{"@type":"Organization","@id":"https:\/\/www.vintage-classics.de\/#organization","name":"BPK Brunnen & Pumpen Service","url":"https:\/\/www.vintage-classics.de\/","logo":{"@type":"ImageObject","inLanguage":"de","@id":"https:\/\/www.vintage-classics.de\/#\/schema\/logo\/image\/","url":"https:\/\/www.vintage-classics.de\/wp-content\/uploads\/2020\/08\/Logo_BPK_getrennt_rgb.png","contentUrl":"https:\/\/www.vintage-classics.de\/wp-content\/uploads\/2020\/08\/Logo_BPK_getrennt_rgb.png","width":1218,"height":368,"caption":"BPK Brunnen & Pumpen Service"},"image":{"@id":"https:\/\/www.vintage-classics.de\/#\/schema\/logo\/image\/"}}]}},"_links":{"self":[{"href":"https:\/\/www.vintage-classics.de\/index.php?rest_route=\/wp\/v2\/pages\/407"}],"collection":[{"href":"https:\/\/www.vintage-classics.de\/index.php?rest_route=\/wp\/v2\/pages"}],"about":[{"href":"https:\/\/www.vintage-classics.de\/index.php?rest_route=\/wp\/v2\/types\/page"}],"author":[{"embeddable":true,"href":"https:\/\/www.vintage-classics.de\/index.php?rest_route=\/wp\/v2\/users\/1"}],"replies":[{"embeddable":true,"href":"https:\/\/www.vintage-classics.de\/index.php?rest_route=%2Fwp%2Fv2%2Fcomments&post=407"}],"version-history":[{"count":52,"href":"https:\/\/www.vintage-classics.de\/index.php?rest_route=\/wp\/v2\/pages\/407\/revisions"}],"predecessor-version":[{"id":1655,"href":"https:\/\/www.vintage-classics.de\/index.php?rest_route=\/wp\/v2\/pages\/407\/revisions\/1655"}],"up":[{"embeddable":true,"href":"https:\/\/www.vintage-classics.de\/index.php?rest_route=\/wp\/v2\/pages\/388"}],"wp:attachment":[{"href":"https:\/\/www.vintage-classics.de\/index.php?rest_route=%2Fwp%2Fv2%2Fmedia&parent=407"}],"curies":[{"name":"wp","href":"https:\/\/api.w.org\/{rel}","templated":true}]}}