{"id":461,"date":"2019-12-19T12:00:57","date_gmt":"2019-12-19T11:00:57","guid":{"rendered":"https:\/\/www.vintage-classics.de\/cms\/?page_id=461"},"modified":"2023-12-02T06:47:27","modified_gmt":"2023-12-02T05:47:27","slug":"ueber-uns","status":"publish","type":"page","link":"https:\/\/www.vintage-classics.de\/?page_id=461","title":{"rendered":"\u00dcber uns"},"content":{"rendered":"\n<style type=\"text\/css\" data-created_by=\"avia_inline_auto\" id=\"style-css-av-3fgejl-a273b60cfcd9362e814ed2907e827aeb\">\n#top .flex_column.av-3fgejl-a273b60cfcd9362e814ed2907e827aeb{\nmargin-top:0px;\nmargin-bottom:0px;\n}\n.flex_column.av-3fgejl-a273b60cfcd9362e814ed2907e827aeb{\nborder-radius:0px 0px 0px 0px;\npadding:0px 0px 0px 0px;\n}\n.responsive #top #wrap_all .flex_column.av-3fgejl-a273b60cfcd9362e814ed2907e827aeb{\nmargin-top:0px;\nmargin-bottom:0px;\n}\n<\/style>\n<div  class='flex_column av-3fgejl-a273b60cfcd9362e814ed2907e827aeb av_one_full  avia-builder-el-0  el_before_av_textblock  avia-builder-el-first  first flex_column_div av-animated-generic bottom-to-top av-zero-column-padding  '     ><p>\n<style type=\"text\/css\" data-created_by=\"avia_inline_auto\" id=\"style-css-av-k4cm7yg3-8e28625bc716d134c5edb1a68f3e0ff2\">\n#top .av-special-heading.av-k4cm7yg3-8e28625bc716d134c5edb1a68f3e0ff2{\npadding-bottom:0;\n}\nbody .av-special-heading.av-k4cm7yg3-8e28625bc716d134c5edb1a68f3e0ff2 .av-special-heading-tag .heading-char{\nfont-size:25px;\n}\n.av-special-heading.av-k4cm7yg3-8e28625bc716d134c5edb1a68f3e0ff2 .av-subheading{\nfont-size:15px;\n}\n<\/style>\n<div  class='av-special-heading av-k4cm7yg3-8e28625bc716d134c5edb1a68f3e0ff2 av-special-heading-h2 blockquote modern-quote  avia-builder-el-1  el_before_av_hr  avia-builder-el-first '><h2 class='av-special-heading-tag'  itemprop=\"headline\"  >\u00dcber uns<\/h2><div class=\"special-heading-border\"><div class=\"special-heading-inner-border\"><\/div><\/div><\/div><br \/>\n\n<style type=\"text\/css\" data-created_by=\"avia_inline_auto\" id=\"style-css-av-31f2ex-7a5073f7c8f4ae6660f2c00c6fd14fa3\">\n#top .hr.av-31f2ex-7a5073f7c8f4ae6660f2c00c6fd14fa3{\nmargin-top:10px;\nmargin-bottom:10px;\n}\n.hr.av-31f2ex-7a5073f7c8f4ae6660f2c00c6fd14fa3 .hr-inner{\nwidth:50px;\nborder-color:#78aacc;\n}\n<\/style>\n<div  class='hr av-31f2ex-7a5073f7c8f4ae6660f2c00c6fd14fa3 hr-custom  avia-builder-el-2  el_after_av_heading  avia-builder-el-last  hr-left hr-icon-no'><span class='hr-inner inner-border-av-border-fat'><span class=\"hr-inner-style\"><\/span><\/span><\/div><\/p><\/div>\n\n<style type=\"text\/css\" data-created_by=\"avia_inline_auto\" id=\"style-css-av-8suq1-ac2e823dfe2c1ae639d25bea52cecb6c\">\n#top .av_textblock_section.av-8suq1-ac2e823dfe2c1ae639d25bea52cecb6c .avia_textblock{\ncolor:#000000;\n}\n<\/style>\n<section  class='av_textblock_section av-8suq1-ac2e823dfe2c1ae639d25bea52cecb6c '   itemscope=\"itemscope\" itemtype=\"https:\/\/schema.org\/CreativeWork\" ><div class='avia_textblock av_inherit_color'  itemprop=\"text\" ><p>Schon seit 1998 wurde vom Gr\u00fcnder des Unternehmers, Dipl. Ing. Martin Knobbe, die Firma IOGIS Knobbe &amp; Co. oHG in Essen-Karnap mit einem Partner im Nebenerwerb gegr\u00fcndet und erst 2012 nach Einstellung der Handelst\u00e4tigkeiten aufgel\u00f6st. In dieser Firma wurden neben dem Handel und der Vermietung auch schon Kamerabefahrungen in Leitungen, Bohrl\u00f6chern, Sch\u00e4chten und Brunnen bis 1400 m Teufe durchgef\u00fchrt.<\/p>\n<p>Fortgesetzt wurden die Inspektionst\u00e4tigkeiten im selbstst\u00e4ndigen Vollerwerb ab 2005. Daf\u00fcr wurde eine Einzelfirma am 01.04.2005 von Dipl. Ing. Martin Knobbe mit dem Anhang EXXplore, als wirtschaftlich unabh\u00e4ngiges Unternehmen in Essen-Katernberg gegr\u00fcndet.<\/p>\n<p>Im Januar 2014 wurden unter dem Logo BPK Brunnen- und Pumpen Service zus\u00e4tzliche Service Dienstleistungen rund um den Brunnen eingef\u00fchrt.<\/p>\n<p>Am 10.10.2019 wurde durch die ZERTIFIZIERUNG BAU GmbH, Berlin, ein Zertifikat gem\u00e4\u00df DVGW Arbeitsblatt W 120-1 Geltungsbereich W 120-1: R1 (R1.1, R1.2, R1.4, R1.5, R1.7, R1.8), R2, S ( S 1, S 2, S 4, S 5) Registriernummer 7.01.0437 erteilt. Die Firma ist somit ein zertifizierter Fachbetrieb f\u00fcr Brunnen Regenerier-, Service- und Brunnenr\u00fcckbauma\u00dfnahmen.<\/p>\n<p>Im Juni 2023 ist die BPK in die Fegeteschstra\u00dfe 20 in 47809 Krefeld umgezogen. An diesem Standort sind B\u00fcro und Ausr\u00fcstungshalle an einem Standort zusammengef\u00fchrt worden.<\/p>\n<p>Mit der vorhandenen Ausr\u00fcstung k\u00f6nnen die folgende Wasserfassungsanlagen unter und \u00fcber Tage \u00a0bearbeitet werden :<\/p>\n<p>Vertikale Brunnen k\u00f6nnen bis etwa 300 Teufe regeneriert und saniert werden.<br \/>\nTV Untersuchungen sind bis 500 m Teufe ab DN50 m\u00f6glich.<\/p>\n<p>Horizontale Brunnen k\u00f6nnen bis etwa 120 m Strangl\u00e4nge regeneriert und saniert werden.<br \/>\nTV Untersuchungen sind bis 300 m L\u00e4nge ab DN150 m\u00f6glich.<\/p>\n<p>Horizontale Drainagen k\u00f6nnen bis etwa 150 m Strangl\u00e4nge regeneriert und saniert werden.<br \/>\nTV Untersuchungen sind ab DN50 m\u00f6glich.<\/p>\n<p>Auch die Untersuchung, Sanierung, Sicherung, Verf\u00fcllung und Abdeckung von Schachtbauwerken unter und \u00fcber Tage bis 100 m Teufe geh\u00f6rt seit 2020 zu unserm Portfolio.<\/p>\n<\/div><\/section>\n","protected":false},"excerpt":{"rendered":"","protected":false},"author":1,"featured_media":0,"parent":388,"menu_order":0,"comment_status":"closed","ping_status":"closed","template":"","meta":{"footnotes":""},"yoast_head":"<!-- This site is optimized with the Yoast SEO Premium plugin v19.1 (Yoast SEO v22.1) - https:\/\/yoast.com\/wordpress\/plugins\/seo\/ -->\n<title>\u00dcber uns - Brunnen und Pumpen Service<\/title>\n<meta name=\"description\" content=\"Die Historie der BPK Brunnen- und Pumpen-Service GmbH und ihrer Vorg\u00e4nger. Die Entwicklung der Gesellschaft von den Anf\u00e4ngen bis heute.\" \/>\n<meta name=\"robots\" content=\"index, follow, max-snippet:-1, max-image-preview:large, max-video-preview:-1\" \/>\n<link rel=\"canonical\" href=\"https:\/\/www.vintage-classics.de\/?page_id=461\" \/>\n<meta property=\"og:locale\" content=\"de_DE\" \/>\n<meta property=\"og:type\" content=\"article\" \/>\n<meta property=\"og:title\" content=\"\u00dcber uns\" \/>\n<meta property=\"og:description\" content=\"Die Historie der BPK Brunnen- und Pumpen-Service GmbH und ihrer Vorg\u00e4nger. Die Entwicklung der Gesellschaft von den Anf\u00e4ngen bis heute.\" \/>\n<meta property=\"og:url\" content=\"https:\/\/www.vintage-classics.de\/?page_id=461\" \/>\n<meta property=\"og:site_name\" content=\"Brunnen und Pumpen Service\" \/>\n<meta property=\"article:modified_time\" content=\"2023-12-02T05:47:27+00:00\" \/>\n<meta name=\"twitter:card\" content=\"summary_large_image\" \/>\n<meta name=\"twitter:label1\" content=\"Gesch\u00e4tzte Lesezeit\" \/>\n\t<meta name=\"twitter:data1\" content=\"5\u00a0Minuten\" \/>\n<script type=\"application\/ld+json\" class=\"yoast-schema-graph\">{\"@context\":\"https:\/\/schema.org\",\"@graph\":[{\"@type\":\"WebPage\",\"@id\":\"https:\/\/www.vintage-classics.de\/?page_id=461\",\"url\":\"https:\/\/www.vintage-classics.de\/?page_id=461\",\"name\":\"\u00dcber uns - Brunnen und Pumpen Service\",\"isPartOf\":{\"@id\":\"https:\/\/www.vintage-classics.de\/#website\"},\"datePublished\":\"2019-12-19T11:00:57+00:00\",\"dateModified\":\"2023-12-02T05:47:27+00:00\",\"description\":\"Die Historie der BPK Brunnen- und Pumpen-Service GmbH und ihrer Vorg\u00e4nger. Die Entwicklung der Gesellschaft von den Anf\u00e4ngen bis heute.\",\"breadcrumb\":{\"@id\":\"https:\/\/www.vintage-classics.de\/?page_id=461#breadcrumb\"},\"inLanguage\":\"de\",\"potentialAction\":[{\"@type\":\"ReadAction\",\"target\":[\"https:\/\/www.vintage-classics.de\/?page_id=461\"]}]},{\"@type\":\"BreadcrumbList\",\"@id\":\"https:\/\/www.vintage-classics.de\/?page_id=461#breadcrumb\",\"itemListElement\":[{\"@type\":\"ListItem\",\"position\":1,\"name\":\"Startseite\",\"item\":\"https:\/\/www.vintage-classics.de\/\"},{\"@type\":\"ListItem\",\"position\":2,\"name\":\"Unternehmen\",\"item\":\"https:\/\/www.vintage-classics.de\/?page_id=388\"},{\"@type\":\"ListItem\",\"position\":3,\"name\":\"\u00dcber uns\"}]},{\"@type\":\"WebSite\",\"@id\":\"https:\/\/www.vintage-classics.de\/#website\",\"url\":\"https:\/\/www.vintage-classics.de\/\",\"name\":\"Brunnen und Pumpen Service\",\"description\":\"Dienstleister f\u00fcr Brunnenregenerierung, Brunnensanierung, Brunneninspektion, Wartung und Instandhaltung an Brunnenbauwerken\",\"publisher\":{\"@id\":\"https:\/\/www.vintage-classics.de\/#organization\"},\"potentialAction\":[{\"@type\":\"SearchAction\",\"target\":{\"@type\":\"EntryPoint\",\"urlTemplate\":\"https:\/\/www.vintage-classics.de\/?s={search_term_string}\"},\"query-input\":\"required name=search_term_string\"}],\"inLanguage\":\"de\"},{\"@type\":\"Organization\",\"@id\":\"https:\/\/www.vintage-classics.de\/#organization\",\"name\":\"BPK Brunnen & Pumpen Service\",\"url\":\"https:\/\/www.vintage-classics.de\/\",\"logo\":{\"@type\":\"ImageObject\",\"inLanguage\":\"de\",\"@id\":\"https:\/\/www.vintage-classics.de\/#\/schema\/logo\/image\/\",\"url\":\"https:\/\/www.vintage-classics.de\/wp-content\/uploads\/2020\/08\/Logo_BPK_getrennt_rgb.png\",\"contentUrl\":\"https:\/\/www.vintage-classics.de\/wp-content\/uploads\/2020\/08\/Logo_BPK_getrennt_rgb.png\",\"width\":1218,\"height\":368,\"caption\":\"BPK Brunnen & Pumpen Service\"},\"image\":{\"@id\":\"https:\/\/www.vintage-classics.de\/#\/schema\/logo\/image\/\"}}]}<\/script>\n<!-- \/ Yoast SEO Premium plugin. -->","yoast_head_json":{"title":"\u00dcber uns - Brunnen und Pumpen Service","description":"Die Historie der BPK Brunnen- und Pumpen-Service GmbH und ihrer Vorg\u00e4nger. Die Entwicklung der Gesellschaft von den Anf\u00e4ngen bis heute.","robots":{"index":"index","follow":"follow","max-snippet":"max-snippet:-1","max-image-preview":"max-image-preview:large","max-video-preview":"max-video-preview:-1"},"canonical":"https:\/\/www.vintage-classics.de\/?page_id=461","og_locale":"de_DE","og_type":"article","og_title":"\u00dcber uns","og_description":"Die Historie der BPK Brunnen- und Pumpen-Service GmbH und ihrer Vorg\u00e4nger. Die Entwicklung der Gesellschaft von den Anf\u00e4ngen bis heute.","og_url":"https:\/\/www.vintage-classics.de\/?page_id=461","og_site_name":"Brunnen und Pumpen Service","article_modified_time":"2023-12-02T05:47:27+00:00","twitter_card":"summary_large_image","twitter_misc":{"Gesch\u00e4tzte Lesezeit":"5\u00a0Minuten"},"schema":{"@context":"https:\/\/schema.org","@graph":[{"@type":"WebPage","@id":"https:\/\/www.vintage-classics.de\/?page_id=461","url":"https:\/\/www.vintage-classics.de\/?page_id=461","name":"\u00dcber uns - Brunnen und Pumpen Service","isPartOf":{"@id":"https:\/\/www.vintage-classics.de\/#website"},"datePublished":"2019-12-19T11:00:57+00:00","dateModified":"2023-12-02T05:47:27+00:00","description":"Die Historie der BPK Brunnen- und Pumpen-Service GmbH und ihrer Vorg\u00e4nger. Die Entwicklung der Gesellschaft von den Anf\u00e4ngen bis heute.","breadcrumb":{"@id":"https:\/\/www.vintage-classics.de\/?page_id=461#breadcrumb"},"inLanguage":"de","potentialAction":[{"@type":"ReadAction","target":["https:\/\/www.vintage-classics.de\/?page_id=461"]}]},{"@type":"BreadcrumbList","@id":"https:\/\/www.vintage-classics.de\/?page_id=461#breadcrumb","itemListElement":[{"@type":"ListItem","position":1,"name":"Startseite","item":"https:\/\/www.vintage-classics.de\/"},{"@type":"ListItem","position":2,"name":"Unternehmen","item":"https:\/\/www.vintage-classics.de\/?page_id=388"},{"@type":"ListItem","position":3,"name":"\u00dcber uns"}]},{"@type":"WebSite","@id":"https:\/\/www.vintage-classics.de\/#website","url":"https:\/\/www.vintage-classics.de\/","name":"Brunnen und Pumpen Service","description":"Dienstleister f\u00fcr Brunnenregenerierung, Brunnensanierung, Brunneninspektion, Wartung und Instandhaltung an Brunnenbauwerken","publisher":{"@id":"https:\/\/www.vintage-classics.de\/#organization"},"potentialAction":[{"@type":"SearchAction","target":{"@type":"EntryPoint","urlTemplate":"https:\/\/www.vintage-classics.de\/?s={search_term_string}"},"query-input":"required name=search_term_string"}],"inLanguage":"de"},{"@type":"Organization","@id":"https:\/\/www.vintage-classics.de\/#organization","name":"BPK Brunnen & Pumpen Service","url":"https:\/\/www.vintage-classics.de\/","logo":{"@type":"ImageObject","inLanguage":"de","@id":"https:\/\/www.vintage-classics.de\/#\/schema\/logo\/image\/","url":"https:\/\/www.vintage-classics.de\/wp-content\/uploads\/2020\/08\/Logo_BPK_getrennt_rgb.png","contentUrl":"https:\/\/www.vintage-classics.de\/wp-content\/uploads\/2020\/08\/Logo_BPK_getrennt_rgb.png","width":1218,"height":368,"caption":"BPK Brunnen & Pumpen Service"},"image":{"@id":"https:\/\/www.vintage-classics.de\/#\/schema\/logo\/image\/"}}]}},"_links":{"self":[{"href":"https:\/\/www.vintage-classics.de\/index.php?rest_route=\/wp\/v2\/pages\/461"}],"collection":[{"href":"https:\/\/www.vintage-classics.de\/index.php?rest_route=\/wp\/v2\/pages"}],"about":[{"href":"https:\/\/www.vintage-classics.de\/index.php?rest_route=\/wp\/v2\/types\/page"}],"author":[{"embeddable":true,"href":"https:\/\/www.vintage-classics.de\/index.php?rest_route=\/wp\/v2\/users\/1"}],"replies":[{"embeddable":true,"href":"https:\/\/www.vintage-classics.de\/index.php?rest_route=%2Fwp%2Fv2%2Fcomments&post=461"}],"version-history":[{"count":8,"href":"https:\/\/www.vintage-classics.de\/index.php?rest_route=\/wp\/v2\/pages\/461\/revisions"}],"predecessor-version":[{"id":1628,"href":"https:\/\/www.vintage-classics.de\/index.php?rest_route=\/wp\/v2\/pages\/461\/revisions\/1628"}],"up":[{"embeddable":true,"href":"https:\/\/www.vintage-classics.de\/index.php?rest_route=\/wp\/v2\/pages\/388"}],"wp:attachment":[{"href":"https:\/\/www.vintage-classics.de\/index.php?rest_route=%2Fwp%2Fv2%2Fmedia&parent=461"}],"curies":[{"name":"wp","href":"https:\/\/api.w.org\/{rel}","templated":true}]}}